{"id":1325,"date":"2023-02-15T12:09:58","date_gmt":"2023-02-15T12:09:58","guid":{"rendered":"https:\/\/bservice.multi.fi\/granskning-av-personlift\/"},"modified":"2023-02-20T07:45:29","modified_gmt":"2023-02-20T07:45:29","slug":"granskning-av-personlift","status":"publish","type":"page","link":"https:\/\/bothniaservice.com\/sv\/granskning-av-personlift\/","title":{"rendered":"Granskning av personlift"},"content":{"rendered":"<style id=\"kb-rowlayout_e7063a-bd\">#kt-layout-id_e7063a-bd{background-image:url('https:\/\/bservice.multi.fi\/wp-content\/uploads\/2023\/02\/DSC_4751-1.jpg');background-size:cover;background-position:52% 96%;background-attachment:scroll;background-repeat:no-repeat;}#kt-layout-id_e7063a-bd .kt-row-layout-bottom-sep svg{fill:var(--global-palette9, #ffffff)!important;}#kt-layout-id_e7063a-bd > .kt-row-column-wrap{padding-top:170px;padding-bottom:170px;padding-left:25px;padding-right:25px;}#kt-layout-id_e7063a-bd > .kt-row-layout-overlay{opacity:0.40;background-image:linear-gradient(90deg, #030d77 100%, rgba(0, 181, 226, 0) 100%);}@media all and (max-width: 767px){#kt-layout-id_e7063a-bd > .kt-row-column-wrap{padding-top:170px;min-height:420px;}}<\/style>\n<div class=\"wp-block-kadence-rowlayout alignnone\"><div id=\"kt-layout-id_e7063a-bd\" class=\"kt-row-layout-inner kt-row-has-bg kt-layout-id_e7063a-bd has-theme-palette-1-background-color\"><div class=\"kt-row-layout-overlay kt-row-overlay-gradient\"><\/div><div class=\"kt-row-column-wrap kt-has-1-columns kt-gutter-default kt-v-gutter-default kt-row-valign-middle kt-row-layout-equal kt-tab-layout-inherit kt-m-colapse-left-to-right kt-mobile-layout-row\">\n<div class=\"wp-block-kadence-column inner-column-1 kadence-column_f7631f-eb\"><div class=\"kt-inside-inner-col\"><style id=\"kb-advancedheading_1793d5-b3\">#kt-adv-heading_1793d5-b3, #kt-adv-heading_1793d5-b3 .wp-block-kadence-advancedheading, .wp-block-kadence-advancedheading.kt-adv-heading_1793d5-b3[data-kb-block=\"kb-adv-heading_1793d5-b3\"], .kadence-advanced-heading-wrapper .kt-adv-heading_1793d5-b3[data-kb-block=\"kb-adv-heading_1793d5-b3\"]{text-align:center;font-size:60px;font-weight:bold;color:#ffffff;text-shadow:1px 1px 1px rgba(0, 0, 0, 0.2);}#kt-adv-heading_1793d5-b3 mark, #kt-adv-heading_1793d5-b3 .wp-block-kadence-advancedheading mark, .kt-adv-heading_1793d5-b3[data-kb-block=\"kb-adv-heading_1793d5-b3\"] mark{font-weight:normal;padding:0px 0px 0px 0px;}@media all and (max-width: 1024px){#kt-adv-heading_1793d5-b3, #kt-adv-heading_1793d5-b3 .wp-block-kadence-advancedheading, .wp-block-kadence-advancedheading.kt-adv-heading_1793d5-b3[data-kb-block=\"kb-adv-heading_1793d5-b3\"], .kadence-advanced-heading-wrapper .kt-adv-heading_1793d5-b3[data-kb-block=\"kb-adv-heading_1793d5-b3\"]{font-size:50px;}}@media all and (max-width: 767px){#kt-adv-heading_1793d5-b3, #kt-adv-heading_1793d5-b3 .wp-block-kadence-advancedheading, .wp-block-kadence-advancedheading.kt-adv-heading_1793d5-b3[data-kb-block=\"kb-adv-heading_1793d5-b3\"], .kadence-advanced-heading-wrapper .kt-adv-heading_1793d5-b3[data-kb-block=\"kb-adv-heading_1793d5-b3\"]{font-size:36px;}}<\/style>\n<h1 class=\"kt-adv-heading_1793d5-b3 wp-block-kadence-advancedheading\" data-kb-block=\"kb-adv-heading_1793d5-b3\">Granskning av personlift<\/h1>\n<\/div><\/div>\n<\/div><div class=\"kt-row-layout-bottom-sep kt-row-sep-type-mtns\"><svg style=\"fill:var(--global-palette9)\" viewBox=\"0 0 1000 100\" preserveAspectRatio=\"none\"><path d=\"M1000,50l-182.69,-45.286l-292.031,61.197l-190.875,-41.075l-143.748,28.794l-190.656,-23.63l0,70l1000,0l0,-50Z\" style=\"opacity:0.4\"><\/path><path d=\"M1000,57l-152.781,-22.589l-214.383,19.81l-159.318,-21.471l-177.44,25.875l-192.722,5.627l-103.356,-27.275l0,63.023l1000,0l0,-43Z\"><\/path><\/svg><\/div><\/div><\/div>\n\n\n<style id=\"kb-rowlayout_ca1b56-7c\">#kt-layout-id_ca1b56-7c > .kt-row-column-wrap.kb-theme-content-width{max-width:1150px;}.kt-layout-id_ca1b56-7c > .kb-theme-content-width{padding-left:var(--global-content-edge-padding);padding-right:var(--global-content-edge-padding);}#kt-layout-id_ca1b56-7c{margin-top:70px;margin-bottom:30px;background-color:#ffffff;}#kt-layout-id_ca1b56-7c > .kt-row-column-wrap{padding-top:0px;padding-bottom:0px;padding-left:0px;padding-right:0px;max-width:1140px;margin-left:auto;margin-right:auto;}@media all and (max-width: 1024px){#kt-layout-id_ca1b56-7c > .kt-row-column-wrap{padding-top:30px;padding-right:100px;padding-bottom:30px;padding-left:100px;}}@media all and (max-width: 767px){#kt-layout-id_ca1b56-7c{margin-top:0px;margin-bottom:0px;}#kt-layout-id_ca1b56-7c > .kt-row-column-wrap{padding-top:60px;padding-bottom:0px;padding-left:30px;padding-right:30px;}}<\/style>\n<div class=\"wp-block-kadence-rowlayout alignnone\"><div id=\"kt-layout-id_ca1b56-7c\" class=\"kt-row-layout-inner kt-row-has-bg kt-layout-id_ca1b56-7c\"><div class=\"kt-row-column-wrap kt-has-2-columns kt-gutter-none kt-v-gutter-none kt-row-valign-middle kt-row-layout-equal kt-tab-layout-inherit kt-m-colapse-left-to-right kt-mobile-layout-row kb-theme-content-width\"><style id=\"kb-column_88bc85-b5\">.kadence-column_88bc85-b5 > .kt-inside-inner-col{padding-top:20px;padding-bottom:20px;padding-left:20px;padding-right:50px;}@media all and (max-width: 767px){.kadence-column_88bc85-b5 > .kt-inside-inner-col{padding-top:0px;padding-bottom:0px;padding-left:0px;padding-right:0px;}}<\/style>\n<div class=\"wp-block-kadence-column inner-column-1 kadence-column_88bc85-b5\"><div class=\"kt-inside-inner-col\">\n<figure class=\"wp-block-kadence-image kb-image_c3add9-29\"><img decoding=\"async\" loading=\"lazy\" width=\"2048\" height=\"1363\" src=\"https:\/\/bservice.multi.fi\/wp-content\/uploads\/2023\/02\/DSC_4754-1.jpg\" alt=\"\" class=\"kb-img wp-image-1081\" srcset=\"https:\/\/bothniaservice.com\/wp-content\/uploads\/2023\/02\/DSC_4754-1.jpg 2048w, https:\/\/bothniaservice.com\/wp-content\/uploads\/2023\/02\/DSC_4754-1-300x200.jpg 300w, https:\/\/bothniaservice.com\/wp-content\/uploads\/2023\/02\/DSC_4754-1-1024x682.jpg 1024w, https:\/\/bothniaservice.com\/wp-content\/uploads\/2023\/02\/DSC_4754-1-768x511.jpg 768w, https:\/\/bothniaservice.com\/wp-content\/uploads\/2023\/02\/DSC_4754-1-1536x1022.jpg 1536w\" sizes=\"(max-width: 2048px) 100vw, 2048px\" \/><\/figure>\n\n\n\n<p>Visste du att en personlift klassas som en lyftanordning och att lyftanordningar m\u00e5ste genomg\u00e5 en lagstadgad periodisk besiktning?<\/p>\n\n\n\n<p>F\u00f6r s\u00e4kerheten f\u00f6r anv\u00e4ndare av lyftanordningar och f\u00f6r dem som arbetar i milj\u00f6n finns det en lag (Vna 403\/2008 \u00a7 34) som s\u00e4ger att en oinspekterad personlyft inte f\u00e5r anv\u00e4ndas. Anv\u00e4ndningen av lyftanordningar \u00e4r en lagreglerad och kontrollerad verksamhet, eftersom det finns risksituationer som \u00e4r f\u00f6rknippade med anv\u00e4ndningen av lyftanordningar och personlyft.<\/p>\n\n\n\n<p>Regelbundna inspektioner av kranen g\u00f6r det m\u00f6jligt f\u00f6r personalen att arbeta s\u00e4kert och s\u00e4kerst\u00e4ller att produktionen inte f\u00f6rsenas i on\u00f6dan.<\/p>\n\n\n\n<p><\/p>\n<\/div><\/div>\n\n\n<style id=\"kb-column_b487be-41\">.kadence-column_b487be-41 > .kt-inside-inner-col{padding-top:20px;padding-bottom:20px;padding-left:50px;padding-right:20px;}@media all and (max-width: 767px){.kadence-column_b487be-41 > .kt-inside-inner-col{padding-left:0px;padding-right:0px;}}<\/style>\n<div class=\"wp-block-kadence-column inner-column-2 kadence-column_b487be-41\"><div class=\"kt-inside-inner-col\"><style id=\"kb-infobox_985735-f1\">#kt-info-box_985735-f1 .kt-blocks-info-box-link-wrap{border-color:var(--global-palette7, #EDF2F7);background:var(--global-palette9, #ffffff);padding-top:0px;padding-right:0px;padding-bottom:30px;padding-left:0px;margin-bottom:20px;border-top-width:0px;border-right-width:0px;border-bottom-width:1px;border-left-width:0px;}#kt-info-box_985735-f1 .kt-blocks-info-box-link-wrap:hover{border-color:var(--global-palette7, #EDF2F7);background:var(--global-palette9, #ffffff);}#kt-info-box_985735-f1 .kt-info-svg-icon, #kt-info-box_985735-f1 .kt-info-svg-icon-flip, #kt-info-box_985735-f1 .kt-blocks-info-box-number{font-size:50px;}#kt-info-box_985735-f1 .kt-blocks-info-box-media{color:#444444;}#kt-info-box_985735-f1 .kt-blocks-info-box-link-wrap:hover .kt-blocks-info-box-media{color:#444444;}#kt-info-box_985735-f1 .kt-blocks-info-box-title{padding-top:0px;padding-right:0px;padding-bottom:0px;padding-left:0px;margin-top:0px;margin-right:0px;margin-bottom:20px;margin-left:0px;}#kt-info-box_985735-f1 .kt-blocks-info-box-text{color:#000066;}<\/style>\n<div id=\"kt-info-box_985735-f1\" class=\"wp-block-kadence-infobox\"><a class=\"kt-blocks-info-box-link-wrap info-box-link kt-blocks-info-box-media-align-top kt-info-halign-left\"><div class=\"kt-infobox-textcontent\"><p class=\"kt-blocks-info-box-text\"><strong><strong><strong>\u00c5rlig och grundlig periodisk inspektion<\/strong><\/strong><\/strong><br\/><br\/>Vid den lagstadgade, \u00e5rliga, regelbundna inspektionen kontrolleras att lyftutrustningen \u00e4r s\u00e4ker att anv\u00e4nda, dvs. att utrustningens mekaniska strukturer och underh\u00e5llsniv\u00e5er har underh\u00e5llits och att man\u00f6verorganen, gr\u00e4nsl\u00e4gesbrytare, varnings-\/alarmanordningar osv. \u00e4r i funktion.<br\/>En grundlig \u00e5terkommande inspektion m\u00e5ste utf\u00f6ras vart tionde \u00e5r.<br\/><br\/>Tidpunkten f\u00f6r en grundlig periodisk inspektion m\u00e5ste ta h\u00e4nsyn till hur intensivt utrustningen anv\u00e4nds, eventuella fel som uppt\u00e4ckts och reparationer som utf\u00f6rts under de \u00e5rliga inspektionerna samt eventuella typfel i lyftanordningen. <\/p><\/div><\/a><\/div>\n\n\n<style id=\"kb-infobox_2835bf-0f\">#kt-info-box_2835bf-0f .kt-blocks-info-box-link-wrap{border-color:var(--global-palette7, #EDF2F7);background:var(--global-palette9, #ffffff);padding-top:0px;padding-right:0px;padding-bottom:30px;padding-left:0px;margin-bottom:20px;border-top-width:0px;border-right-width:0px;border-bottom-width:0px;border-left-width:0px;}#kt-info-box_2835bf-0f .kt-blocks-info-box-link-wrap:hover{border-color:var(--global-palette7, #EDF2F7);background:var(--global-palette9, #ffffff);}#kt-info-box_2835bf-0f .kt-info-svg-icon, #kt-info-box_2835bf-0f .kt-info-svg-icon-flip, #kt-info-box_2835bf-0f .kt-blocks-info-box-number{font-size:50px;}#kt-info-box_2835bf-0f .kt-blocks-info-box-media{color:#444444;}#kt-info-box_2835bf-0f .kt-blocks-info-box-link-wrap:hover .kt-blocks-info-box-media{color:#444444;}#kt-info-box_2835bf-0f .kt-blocks-info-box-title{padding-top:0px;padding-right:0px;padding-bottom:0px;padding-left:0px;margin-top:0px;margin-right:0px;margin-bottom:20px;margin-left:0px;}#kt-info-box_2835bf-0f .kt-blocks-info-box-text{color:#000066;}<\/style>\n<div id=\"kt-info-box_2835bf-0f\" class=\"wp-block-kadence-infobox\"><a class=\"kt-blocks-info-box-link-wrap info-box-link kt-blocks-info-box-media-align-top kt-info-halign-left\"><div class=\"kt-infobox-textcontent\"><p class=\"kt-blocks-info-box-text\"><strong>Certifierade inspekt\u00f6rer fr\u00e5n oss<\/strong><br\/><br\/>Best\u00e4ll en \u00e5rlig och grundlig periodisk inspektion av dina lyftanordningar fr\u00e5n oss, Bothnia Service. V\u00e5ra p\u00e5litliga, certifierade inspekt\u00f6rer utf\u00f6r alltid inspektionerna i enlighet med regeringens beslut och ministeriets riktlinjer.\u00a0<br\/>En professionellt utf\u00f6rd besiktning av personhissar garanterar ett tryggt och s\u00e4kert arbete med varje utrustning.<br\/><\/p><\/div><\/a><\/div>\n<\/div><\/div>\n<\/div><\/div><\/div>\n\n\n<style id=\"kb-rowlayout_b0c16c-db\">#kt-layout-id_b0c16c-db .kt-row-layout-bottom-sep{height:120px;}#kt-layout-id_b0c16c-db .kt-row-layout-bottom-sep svg{fill:var(--global-palette9, #ffffff)!important;}#kt-layout-id_b0c16c-db .kt-row-layout-top-sep{height:120px;}#kt-layout-id_b0c16c-db .kt-row-layout-top-sep svg{width:100%;}#kt-layout-id_b0c16c-db .kt-row-layout-top-sep svg{fill:var(--global-palette9, #ffffff)!important;}#kt-layout-id_b0c16c-db > .kt-row-column-wrap{padding-top:152px;padding-bottom:84px;padding-left:220px;padding-right:220px;}@media all and (max-width: 767px){#kt-layout-id_b0c16c-db > .kt-row-column-wrap{padding-bottom:30px;padding-left:20px;padding-right:20px;}}<\/style>\n<div class=\"wp-block-kadence-rowlayout alignnone test\"><div id=\"kt-layout-id_b0c16c-db\" class=\"kt-row-layout-inner kt-row-has-bg kt-layout-id_b0c16c-db has-theme-palette-1-background-color\"><div class=\"kt-row-layout-top-sep kt-row-sep-type-mtns\"><svg style=\"fill:var(--global-palette9)\" viewBox=\"0 0 1000 100\" preserveAspectRatio=\"none\"><path d=\"M1000,50l-182.69,-45.286l-292.031,61.197l-190.875,-41.075l-143.748,28.794l-190.656,-23.63l0,70l1000,0l0,-50Z\" style=\"opacity:0.4\"><\/path><path d=\"M1000,57l-152.781,-22.589l-214.383,19.81l-159.318,-21.471l-177.44,25.875l-192.722,5.627l-103.356,-27.275l0,63.023l1000,0l0,-43Z\"><\/path><\/svg><\/div><div class=\"kt-row-column-wrap kt-has-1-columns kt-gutter-default kt-v-gutter-default kt-row-valign-top kt-row-layout-equal kt-tab-layout-inherit kt-m-colapse-left-to-right kt-mobile-layout-row\">\n<div class=\"wp-block-kadence-column inner-column-1 kadence-column_60efc0-a9\"><div class=\"kt-inside-inner-col\"><style id=\"kt-blocks_596066-3a\">.kt-blocks-testimonials-wrap_596066-3a .kt-testimonial-item-wrap .kt-testimonial-title{color:var(--global-palette9, #ffffff);font-size:28px;margin-top:0px;margin-right:0px;margin-bottom:15px;margin-left:0px;padding-top:0px;padding-right:0px;padding-bottom:0px;padding-left:0px;}@media all and (max-width: 767px){.kt-blocks-testimonials-wrap_596066-3a .kt-testimonial-item-wrap .kt-testimonial-title{font-size:22px;line-height:30px;}}.kt-blocks-testimonials-wrap_596066-3a .kt-testimonial-name{color:var(--global-palette9, #ffffff);font-size:28px;line-height:40px;}<\/style>\n<div class=\"wp-block-kadence-testimonials kt-testimonial-halign-center kt-testimonial-style-basic kt-testimonials-media-off kt-testimonials-icon-off kt-testimonial-columns-1 kt-t-xxl-col-1 kt-t-xl-col-1 kt-t-lg-col-1 kt-t-md-col-1 kt-t-sm-col-1 kt-t-xs-col-1 kt-blocks-testimonials-wrap_596066-3a tns-carousel-wrap\"><div class=\"kt-blocks-carousel kt-carousel-container-dotstyle-light kt-carousel-container-arrowstyle-none\"><div class=\"kt-blocks-carousel-init kt-carousel-arrowstyle-none kt-carousel-dotstyle-light\" data-columns-xxl=\"1\" data-columns-xl=\"1\" data-columns-md=\"1\" data-columns-sm=\"1\" data-columns-xs=\"1\" data-columns-ss=\"1\" data-slider-anim-speed=\"400\" data-slider-scroll=\"1\" data-slider-arrows=\"false\" data-slider-dots=\"true\" data-slider-hover-pause=\"false\" data-slider-auto=\"true\" data-slider-speed=\"5000\"><div class=\"kt-blocks-testimonial-carousel-item kb-slide-item\"><div class=\"kt-testimonial-item-wrap kt-testimonial-item-0\" style=\"border-color:#eeeeee;padding-top:20px;padding-right:20px;padding-bottom:20px;padding-left:20px;max-width:2000px\"><div class=\"kt-testimonial-text-wrap\"><div class=\"kt-testimonial-title-wrap\"><h3 class=\"kt-testimonial-title\">&#8221;Lagstadgad besiktning, reparationer och underh\u00e5ll av lyftredskap och personlift.&#8221;<\/h3><\/div><\/div><\/div><\/div><div class=\"kt-blocks-testimonial-carousel-item kb-slide-item\"><div class=\"kt-testimonial-item-wrap kt-testimonial-item-1\" style=\"border-color:#eeeeee;padding-top:20px;padding-right:20px;padding-bottom:20px;padding-left:20px;max-width:2000px\"><div class=\"kt-testimonial-text-wrap\"><div class=\"kt-testimonial-title-wrap\"><h3 class=\"kt-testimonial-title\">\u201cKonsulttj\u00e4nster f\u00f6r verksamhetsmodell och utvecklingsplaner f\u00f6r produktivt underh\u00e5ll\u201d<\/h3><\/div><\/div><\/div><\/div><\/div><\/div><\/div>\n<\/div><\/div>\n<\/div><\/div><\/div>\n","protected":false},"excerpt":{"rendered":"<p>Granskning av personlift Visste du att en personlift klassas som en lyftanordning och att lyftanordningar m\u00e5ste genomg\u00e5 en lagstadgad periodisk besiktning? F\u00f6r s\u00e4kerheten f\u00f6r anv\u00e4ndare av lyftanordningar och f\u00f6r dem som arbetar i milj\u00f6n finns det en lag (Vna 403\/2008 \u00a7 34) som s\u00e4ger att en oinspekterad personlyft inte f\u00e5r anv\u00e4ndas. Anv\u00e4ndningen av lyftanordningar \u00e4r&#8230;<\/p>\n","protected":false},"author":1,"featured_media":0,"parent":0,"menu_order":0,"comment_status":"closed","ping_status":"closed","template":"","meta":{"_kad_blocks_custom_css":"","_kad_blocks_head_custom_js":"","_kad_blocks_body_custom_js":"","_kad_blocks_footer_custom_js":"","_kad_post_transparent":"","_kad_post_title":"hide","_kad_post_layout":"","_kad_post_sidebar_id":"","_kad_post_content_style":"","_kad_post_vertical_padding":"","_kad_post_feature":"","_kad_post_feature_position":"","_kad_post_header":false,"_kad_post_footer":false},"yoast_head":"<!-- This site is optimized with the Yoast SEO plugin v20.5 - https:\/\/yoast.com\/wordpress\/plugins\/seo\/ -->\n<title>Granskning av personlift - Bothnia Service<\/title>\n<meta name=\"robots\" content=\"index, follow, max-snippet:-1, max-image-preview:large, max-video-preview:-1\" \/>\n<link rel=\"canonical\" href=\"https:\/\/bothniaservice.com\/sv\/granskning-av-personlift\/\" \/>\n<meta property=\"og:locale\" content=\"sv_SE\" \/>\n<meta property=\"og:type\" content=\"article\" \/>\n<meta property=\"og:title\" content=\"Granskning av personlift - Bothnia Service\" \/>\n<meta property=\"og:description\" content=\"Granskning av personlift Visste du att en personlift klassas som en lyftanordning och att lyftanordningar m\u00e5ste genomg\u00e5 en lagstadgad periodisk besiktning? F\u00f6r s\u00e4kerheten f\u00f6r anv\u00e4ndare av lyftanordningar och f\u00f6r dem som arbetar i milj\u00f6n finns det en lag (Vna 403\/2008 \u00a7 34) som s\u00e4ger att en oinspekterad personlyft inte f\u00e5r anv\u00e4ndas. Anv\u00e4ndningen av lyftanordningar \u00e4r...\" \/>\n<meta property=\"og:url\" content=\"https:\/\/bothniaservice.com\/sv\/granskning-av-personlift\/\" \/>\n<meta property=\"og:site_name\" content=\"Bothnia Service\" \/>\n<meta property=\"article:modified_time\" content=\"2023-02-20T07:45:29+00:00\" \/>\n<meta property=\"og:image\" content=\"https:\/\/bservice.multi.fi\/wp-content\/uploads\/2023\/02\/DSC_4754-1.jpg\" \/>\n<meta name=\"twitter:card\" content=\"summary_large_image\" \/>\n<meta name=\"twitter:label1\" content=\"Ber\u00e4knad l\u00e4stid\" \/>\n\t<meta name=\"twitter:data1\" content=\"1 minut\" \/>\n<script type=\"application\/ld+json\" class=\"yoast-schema-graph\">{\"@context\":\"https:\/\/schema.org\",\"@graph\":[{\"@type\":\"WebPage\",\"@id\":\"https:\/\/bothniaservice.com\/sv\/granskning-av-personlift\/\",\"url\":\"https:\/\/bothniaservice.com\/sv\/granskning-av-personlift\/\",\"name\":\"Granskning av personlift - Bothnia Service\",\"isPartOf\":{\"@id\":\"https:\/\/bothniaservice.com\/sv\/#website\"},\"datePublished\":\"2023-02-15T12:09:58+00:00\",\"dateModified\":\"2023-02-20T07:45:29+00:00\",\"breadcrumb\":{\"@id\":\"https:\/\/bothniaservice.com\/sv\/granskning-av-personlift\/#breadcrumb\"},\"inLanguage\":\"sv-SE\",\"potentialAction\":[{\"@type\":\"ReadAction\",\"target\":[\"https:\/\/bothniaservice.com\/sv\/granskning-av-personlift\/\"]}]},{\"@type\":\"BreadcrumbList\",\"@id\":\"https:\/\/bothniaservice.com\/sv\/granskning-av-personlift\/#breadcrumb\",\"itemListElement\":[{\"@type\":\"ListItem\",\"position\":1,\"name\":\"Etusivu\",\"item\":\"https:\/\/bothniaservice.com\/sv\/\"},{\"@type\":\"ListItem\",\"position\":2,\"name\":\"Granskning av personlift\"}]},{\"@type\":\"WebSite\",\"@id\":\"https:\/\/bothniaservice.com\/sv\/#website\",\"url\":\"https:\/\/bothniaservice.com\/sv\/\",\"name\":\"Bothnia Service\",\"description\":\"Bothnia Service\",\"publisher\":{\"@id\":\"https:\/\/bothniaservice.com\/sv\/#organization\"},\"potentialAction\":[{\"@type\":\"SearchAction\",\"target\":{\"@type\":\"EntryPoint\",\"urlTemplate\":\"https:\/\/bothniaservice.com\/sv\/?s={search_term_string}\"},\"query-input\":\"required name=search_term_string\"}],\"inLanguage\":\"sv-SE\"},{\"@type\":\"Organization\",\"@id\":\"https:\/\/bothniaservice.com\/sv\/#organization\",\"name\":\"Bothnia Service\",\"url\":\"https:\/\/bothniaservice.com\/sv\/\",\"logo\":{\"@type\":\"ImageObject\",\"inLanguage\":\"sv-SE\",\"@id\":\"https:\/\/bothniaservice.com\/sv\/#\/schema\/logo\/image\/\",\"url\":\"https:\/\/bothniaservice.com\/wp-content\/uploads\/2023\/02\/Logo@2x.png\",\"contentUrl\":\"https:\/\/bothniaservice.com\/wp-content\/uploads\/2023\/02\/Logo@2x.png\",\"width\":684,\"height\":264,\"caption\":\"Bothnia Service\"},\"image\":{\"@id\":\"https:\/\/bothniaservice.com\/sv\/#\/schema\/logo\/image\/\"}}]}<\/script>\n<!-- \/ Yoast SEO plugin. -->","yoast_head_json":{"title":"Granskning av personlift - Bothnia Service","robots":{"index":"index","follow":"follow","max-snippet":"max-snippet:-1","max-image-preview":"max-image-preview:large","max-video-preview":"max-video-preview:-1"},"canonical":"https:\/\/bothniaservice.com\/sv\/granskning-av-personlift\/","og_locale":"sv_SE","og_type":"article","og_title":"Granskning av personlift - Bothnia Service","og_description":"Granskning av personlift Visste du att en personlift klassas som en lyftanordning och att lyftanordningar m\u00e5ste genomg\u00e5 en lagstadgad periodisk besiktning? F\u00f6r s\u00e4kerheten f\u00f6r anv\u00e4ndare av lyftanordningar och f\u00f6r dem som arbetar i milj\u00f6n finns det en lag (Vna 403\/2008 \u00a7 34) som s\u00e4ger att en oinspekterad personlyft inte f\u00e5r anv\u00e4ndas. Anv\u00e4ndningen av lyftanordningar \u00e4r...","og_url":"https:\/\/bothniaservice.com\/sv\/granskning-av-personlift\/","og_site_name":"Bothnia Service","article_modified_time":"2023-02-20T07:45:29+00:00","og_image":[{"url":"https:\/\/bservice.multi.fi\/wp-content\/uploads\/2023\/02\/DSC_4754-1.jpg"}],"twitter_card":"summary_large_image","twitter_misc":{"Ber\u00e4knad l\u00e4stid":"1 minut"},"schema":{"@context":"https:\/\/schema.org","@graph":[{"@type":"WebPage","@id":"https:\/\/bothniaservice.com\/sv\/granskning-av-personlift\/","url":"https:\/\/bothniaservice.com\/sv\/granskning-av-personlift\/","name":"Granskning av personlift - Bothnia Service","isPartOf":{"@id":"https:\/\/bothniaservice.com\/sv\/#website"},"datePublished":"2023-02-15T12:09:58+00:00","dateModified":"2023-02-20T07:45:29+00:00","breadcrumb":{"@id":"https:\/\/bothniaservice.com\/sv\/granskning-av-personlift\/#breadcrumb"},"inLanguage":"sv-SE","potentialAction":[{"@type":"ReadAction","target":["https:\/\/bothniaservice.com\/sv\/granskning-av-personlift\/"]}]},{"@type":"BreadcrumbList","@id":"https:\/\/bothniaservice.com\/sv\/granskning-av-personlift\/#breadcrumb","itemListElement":[{"@type":"ListItem","position":1,"name":"Etusivu","item":"https:\/\/bothniaservice.com\/sv\/"},{"@type":"ListItem","position":2,"name":"Granskning av personlift"}]},{"@type":"WebSite","@id":"https:\/\/bothniaservice.com\/sv\/#website","url":"https:\/\/bothniaservice.com\/sv\/","name":"Bothnia Service","description":"Bothnia Service","publisher":{"@id":"https:\/\/bothniaservice.com\/sv\/#organization"},"potentialAction":[{"@type":"SearchAction","target":{"@type":"EntryPoint","urlTemplate":"https:\/\/bothniaservice.com\/sv\/?s={search_term_string}"},"query-input":"required name=search_term_string"}],"inLanguage":"sv-SE"},{"@type":"Organization","@id":"https:\/\/bothniaservice.com\/sv\/#organization","name":"Bothnia Service","url":"https:\/\/bothniaservice.com\/sv\/","logo":{"@type":"ImageObject","inLanguage":"sv-SE","@id":"https:\/\/bothniaservice.com\/sv\/#\/schema\/logo\/image\/","url":"https:\/\/bothniaservice.com\/wp-content\/uploads\/2023\/02\/Logo@2x.png","contentUrl":"https:\/\/bothniaservice.com\/wp-content\/uploads\/2023\/02\/Logo@2x.png","width":684,"height":264,"caption":"Bothnia Service"},"image":{"@id":"https:\/\/bothniaservice.com\/sv\/#\/schema\/logo\/image\/"}}]}},"featured_image_src_large":false,"author_info":{"display_name":"admin","author_link":"https:\/\/bothniaservice.com\/sv\/author\/admin\/"},"comment_info":0,"taxonomy_info":[],"_links":{"self":[{"href":"https:\/\/bothniaservice.com\/sv\/wp-json\/wp\/v2\/pages\/1325"}],"collection":[{"href":"https:\/\/bothniaservice.com\/sv\/wp-json\/wp\/v2\/pages"}],"about":[{"href":"https:\/\/bothniaservice.com\/sv\/wp-json\/wp\/v2\/types\/page"}],"author":[{"embeddable":true,"href":"https:\/\/bothniaservice.com\/sv\/wp-json\/wp\/v2\/users\/1"}],"replies":[{"embeddable":true,"href":"https:\/\/bothniaservice.com\/sv\/wp-json\/wp\/v2\/comments?post=1325"}],"version-history":[{"count":3,"href":"https:\/\/bothniaservice.com\/sv\/wp-json\/wp\/v2\/pages\/1325\/revisions"}],"predecessor-version":[{"id":1408,"href":"https:\/\/bothniaservice.com\/sv\/wp-json\/wp\/v2\/pages\/1325\/revisions\/1408"}],"wp:attachment":[{"href":"https:\/\/bothniaservice.com\/sv\/wp-json\/wp\/v2\/media?parent=1325"}],"curies":[{"name":"wp","href":"https:\/\/api.w.org\/{rel}","templated":true}]}}