{"id":1320,"date":"2023-02-02T09:59:49","date_gmt":"2023-02-02T09:59:49","guid":{"rendered":"https:\/\/bservice.multi.fi\/provlyftning\/"},"modified":"2023-02-17T12:00:09","modified_gmt":"2023-02-17T12:00:09","slug":"provlyftning","status":"publish","type":"page","link":"https:\/\/bothniaservice.com\/sv\/provlyftning\/","title":{"rendered":"Provlyftning"},"content":{"rendered":"<style id=\"kb-rowlayout_b24d1f-a3\">#kt-layout-id_b24d1f-a3{background-image:url('https:\/\/bservice.multi.fi\/wp-content\/uploads\/2023\/02\/DSC_4914.jpg');background-size:cover;background-position:39% 67%;background-attachment:scroll;background-repeat:no-repeat;}#kt-layout-id_b24d1f-a3 .kt-row-layout-bottom-sep svg{fill:var(--global-palette9, #ffffff)!important;}#kt-layout-id_b24d1f-a3 > .kt-row-column-wrap{padding-top:170px;padding-bottom:170px;padding-left:25px;padding-right:25px;}#kt-layout-id_b24d1f-a3 > .kt-row-layout-overlay{opacity:0.40;background-image:linear-gradient(90deg, #030d77 100%, rgba(0, 181, 226, 0) 100%);}@media all and (max-width: 767px){#kt-layout-id_b24d1f-a3 > .kt-row-column-wrap{min-height:420px;}}<\/style>\n<div class=\"wp-block-kadence-rowlayout alignnone\"><div id=\"kt-layout-id_b24d1f-a3\" class=\"kt-row-layout-inner kt-row-has-bg kt-layout-id_b24d1f-a3 has-theme-palette-1-background-color\"><div class=\"kt-row-layout-overlay kt-row-overlay-gradient\"><\/div><div class=\"kt-row-column-wrap kt-has-1-columns kt-gutter-default kt-v-gutter-default kt-row-valign-middle kt-row-layout-equal kt-tab-layout-inherit kt-m-colapse-left-to-right kt-mobile-layout-row\">\n<div class=\"wp-block-kadence-column inner-column-1 kadence-column_f7631f-eb\"><div class=\"kt-inside-inner-col\"><style id=\"kb-advancedheading_97f5fa-3d\">#kt-adv-heading_97f5fa-3d, #kt-adv-heading_97f5fa-3d .wp-block-kadence-advancedheading, .wp-block-kadence-advancedheading.kt-adv-heading_97f5fa-3d[data-kb-block=\"kb-adv-heading_97f5fa-3d\"], .kadence-advanced-heading-wrapper .kt-adv-heading_97f5fa-3d[data-kb-block=\"kb-adv-heading_97f5fa-3d\"]{text-align:center;font-size:60px;font-weight:bold;color:#ffffff;text-shadow:1px 1px 1px rgba(0, 0, 0, 0.2);}#kt-adv-heading_97f5fa-3d mark, #kt-adv-heading_97f5fa-3d .wp-block-kadence-advancedheading mark, .kt-adv-heading_97f5fa-3d[data-kb-block=\"kb-adv-heading_97f5fa-3d\"] mark{font-weight:normal;padding:0px 0px 0px 0px;}@media all and (max-width: 1024px){#kt-adv-heading_97f5fa-3d, #kt-adv-heading_97f5fa-3d .wp-block-kadence-advancedheading, .wp-block-kadence-advancedheading.kt-adv-heading_97f5fa-3d[data-kb-block=\"kb-adv-heading_97f5fa-3d\"], .kadence-advanced-heading-wrapper .kt-adv-heading_97f5fa-3d[data-kb-block=\"kb-adv-heading_97f5fa-3d\"]{font-size:50px;}}@media all and (max-width: 767px){#kt-adv-heading_97f5fa-3d, #kt-adv-heading_97f5fa-3d .wp-block-kadence-advancedheading, .wp-block-kadence-advancedheading.kt-adv-heading_97f5fa-3d[data-kb-block=\"kb-adv-heading_97f5fa-3d\"], .kadence-advanced-heading-wrapper .kt-adv-heading_97f5fa-3d[data-kb-block=\"kb-adv-heading_97f5fa-3d\"]{font-size:36px;}}<\/style>\n<h1 class=\"kt-adv-heading_97f5fa-3d wp-block-kadence-advancedheading\" data-kb-block=\"kb-adv-heading_97f5fa-3d\">Provlyftning<\/h1>\n<\/div><\/div>\n<\/div><div class=\"kt-row-layout-bottom-sep kt-row-sep-type-mtns\"><svg style=\"fill:var(--global-palette9)\" viewBox=\"0 0 1000 100\" preserveAspectRatio=\"none\"><path d=\"M1000,50l-182.69,-45.286l-292.031,61.197l-190.875,-41.075l-143.748,28.794l-190.656,-23.63l0,70l1000,0l0,-50Z\" style=\"opacity:0.4\"><\/path><path d=\"M1000,57l-152.781,-22.589l-214.383,19.81l-159.318,-21.471l-177.44,25.875l-192.722,5.627l-103.356,-27.275l0,63.023l1000,0l0,-43Z\"><\/path><\/svg><\/div><\/div><\/div>\n\n\n\n<p><\/p>\n\n\n<style id=\"kb-advancedheading_b98acc-9f\">#kt-adv-heading_b98acc-9f, #kt-adv-heading_b98acc-9f .wp-block-kadence-advancedheading, .wp-block-kadence-advancedheading.kt-adv-heading_b98acc-9f[data-kb-block=\"kb-adv-heading_b98acc-9f\"], .kadence-advanced-heading-wrapper .kt-adv-heading_b98acc-9f[data-kb-block=\"kb-adv-heading_b98acc-9f\"]{text-align:center;font-size:36px;line-height:1.3em;font-weight:500;font-family:Rubik;color:#000066;margin-top:0px;margin-bottom:40px;}@media all and (max-width: 767px){#kt-adv-heading_b98acc-9f, #kt-adv-heading_b98acc-9f .wp-block-kadence-advancedheading, .wp-block-kadence-advancedheading.kt-adv-heading_b98acc-9f[data-kb-block=\"kb-adv-heading_b98acc-9f\"], .kadence-advanced-heading-wrapper .kt-adv-heading_b98acc-9f[data-kb-block=\"kb-adv-heading_b98acc-9f\"]{font-size:22px;padding-right:20px;padding-left:20px;}}<\/style>\n<h2 class=\"kt-adv-heading_b98acc-9f wp-block-kadence-advancedheading\" data-kb-block=\"kb-adv-heading_b98acc-9f\">Provlyftningstj\u00e4nster enkelt och smidigt fr\u00e5n oss<\/h2>\n\n\n<style id=\"kb-rowlayout_beaa95-cb\">#kt-layout-id_beaa95-cb > .kt-row-column-wrap.kb-theme-content-width{max-width:1150px;}.kt-layout-id_beaa95-cb > .kb-theme-content-width{padding-left:var(--global-content-edge-padding);padding-right:var(--global-content-edge-padding);}#kt-layout-id_beaa95-cb{margin-top:0px;margin-bottom:30px;background-color:#ffffff;}#kt-layout-id_beaa95-cb > .kt-row-column-wrap{padding-top:0px;padding-bottom:0px;padding-left:0px;padding-right:0px;max-width:1140px;margin-left:auto;margin-right:auto;}@media all and (max-width: 1024px){#kt-layout-id_beaa95-cb > .kt-row-column-wrap{padding-top:30px;padding-right:100px;padding-bottom:30px;padding-left:100px;}}@media all and (max-width: 767px){#kt-layout-id_beaa95-cb{margin-top:0px;margin-bottom:0px;}#kt-layout-id_beaa95-cb > .kt-row-column-wrap{padding-top:0px;padding-bottom:0px;padding-left:30px;padding-right:30px;}}<\/style>\n<div class=\"wp-block-kadence-rowlayout alignnone\"><div id=\"kt-layout-id_beaa95-cb\" class=\"kt-row-layout-inner kt-row-has-bg kt-layout-id_beaa95-cb\"><div class=\"kt-row-column-wrap kt-has-2-columns kt-gutter-none kt-v-gutter-none kt-row-valign-middle kt-row-layout-equal kt-tab-layout-inherit kt-m-colapse-left-to-right kt-mobile-layout-row kb-theme-content-width\"><style id=\"kb-column_88bc85-b5\">.kadence-column_88bc85-b5 > .kt-inside-inner-col{padding-top:20px;padding-bottom:20px;padding-left:20px;padding-right:50px;}@media all and (max-width: 767px){.kadence-column_88bc85-b5 > .kt-inside-inner-col{padding-top:0px;padding-bottom:0px;padding-left:0px;padding-right:0px;}}<\/style>\n<div class=\"wp-block-kadence-column inner-column-1 kadence-column_88bc85-b5\"><div class=\"kt-inside-inner-col\">\n<figure class=\"wp-block-kadence-image kb-image_c3add9-29 size-large\"><img decoding=\"async\" loading=\"lazy\" width=\"1024\" height=\"682\" src=\"https:\/\/bservice.multi.fi\/wp-content\/uploads\/2023\/02\/DSC_4914-1024x682.jpg\" alt=\"\" class=\"kb-img wp-image-883\" srcset=\"https:\/\/bothniaservice.com\/wp-content\/uploads\/2023\/02\/DSC_4914-1024x682.jpg 1024w, https:\/\/bothniaservice.com\/wp-content\/uploads\/2023\/02\/DSC_4914-300x200.jpg 300w, https:\/\/bothniaservice.com\/wp-content\/uploads\/2023\/02\/DSC_4914-768x511.jpg 768w, https:\/\/bothniaservice.com\/wp-content\/uploads\/2023\/02\/DSC_4914-1536x1022.jpg 1536w, https:\/\/bothniaservice.com\/wp-content\/uploads\/2023\/02\/DSC_4914.jpg 2048w\" sizes=\"(max-width: 1024px) 100vw, 1024px\" \/><\/figure>\n\n\n\n<p><strong>Provlyftning<\/strong><\/p>\n\n\n\n<p>Kranen uts\u00e4tts alltid f\u00f6r en provlyftning vid ibruktagning med den provlast som anges i best\u00e4mmelsen och med den f\u00f6reskrivna lasten vart fj\u00e4rde \u00e5r.<\/p>\n<\/div><\/div>\n\n\n<style id=\"kb-column_b487be-41\">.kadence-column_b487be-41 > .kt-inside-inner-col{padding-top:20px;padding-bottom:20px;padding-left:50px;padding-right:20px;}@media all and (max-width: 767px){.kadence-column_b487be-41 > .kt-inside-inner-col{padding-left:0px;padding-right:0px;}}<\/style>\n<div class=\"wp-block-kadence-column inner-column-2 kadence-column_b487be-41\"><div class=\"kt-inside-inner-col\"><style id=\"kb-infobox_1d102c-7b\">#kt-info-box_1d102c-7b .kt-blocks-info-box-link-wrap{border-color:var(--global-palette7, #EDF2F7);background:var(--global-palette9, #ffffff);padding-top:0px;padding-right:0px;padding-bottom:30px;padding-left:0px;margin-bottom:20px;border-top-width:0px;border-right-width:0px;border-bottom-width:1px;border-left-width:0px;}#kt-info-box_1d102c-7b .kt-blocks-info-box-link-wrap:hover{border-color:var(--global-palette7, #EDF2F7);background:var(--global-palette9, #ffffff);}#kt-info-box_1d102c-7b .kt-info-svg-icon, #kt-info-box_1d102c-7b .kt-info-svg-icon-flip, #kt-info-box_1d102c-7b .kt-blocks-info-box-number{font-size:50px;}#kt-info-box_1d102c-7b .kt-blocks-info-box-media{color:#444444;}#kt-info-box_1d102c-7b .kt-blocks-info-box-link-wrap:hover .kt-blocks-info-box-media{color:#444444;}#kt-info-box_1d102c-7b .kt-blocks-info-box-title{padding-top:0px;padding-right:0px;padding-bottom:0px;padding-left:0px;margin-top:0px;margin-right:0px;margin-bottom:20px;margin-left:0px;}#kt-info-box_1d102c-7b .kt-blocks-info-box-text{color:#000066;}<\/style>\n<div id=\"kt-info-box_1d102c-7b\" class=\"wp-block-kadence-infobox\"><a class=\"kt-blocks-info-box-link-wrap info-box-link kt-blocks-info-box-media-align-top kt-info-halign-left\"><div class=\"kt-infobox-textcontent\"><p class=\"kt-blocks-info-box-text\"><strong>Provk\u00f6rning<\/strong><br\/><br\/>Provk\u00f6rningar av kranar vid avsedd belastning b\u00f6r utf\u00f6ras, normalt vart fj\u00e4rde \u00e5r. Enligt SFS 4261 ska en kran genomg\u00e5 en provk\u00f6rning med kranens h\u00f6gsta till\u00e5tna belastning, den nominella belastningen, med den mest ogynnsamma kombinationen av r\u00f6relser. Syftet med provk\u00f6rningen \u00e4r att s\u00e4kerst\u00e4lla s\u00e4ker drift av kranen, inklusive testning av kranens s\u00e4kerhetsanordningar och n\u00f6dstopp. F\u00f6r lyftredskap d\u00e4r det finns risk f\u00f6r att den kan v\u00e4lta p\u00e5 grund av \u00f6verbelastning m\u00e5ste en provbelastning alltid utf\u00f6ras i samband med den periodiska inspektionen av kranen, dvs. varje \u00e5r<\/p><\/div><\/a><\/div>\n\n\n<style id=\"kb-infobox_e5a6de-d7\">#kt-info-box_e5a6de-d7 .kt-blocks-info-box-link-wrap{border-color:var(--global-palette7, #EDF2F7);background:var(--global-palette9, #ffffff);padding-top:0px;padding-right:0px;padding-bottom:30px;padding-left:0px;margin-bottom:20px;border-top-width:0px;border-right-width:0px;border-bottom-width:0px;border-left-width:0px;}#kt-info-box_e5a6de-d7 .kt-blocks-info-box-link-wrap:hover{border-color:var(--global-palette7, #EDF2F7);background:var(--global-palette9, #ffffff);}#kt-info-box_e5a6de-d7 .kt-info-svg-icon, #kt-info-box_e5a6de-d7 .kt-info-svg-icon-flip, #kt-info-box_e5a6de-d7 .kt-blocks-info-box-number{font-size:50px;}#kt-info-box_e5a6de-d7 .kt-blocks-info-box-media{color:#444444;}#kt-info-box_e5a6de-d7 .kt-blocks-info-box-link-wrap:hover .kt-blocks-info-box-media{color:#444444;}#kt-info-box_e5a6de-d7 .kt-blocks-info-box-title{padding-top:0px;padding-right:0px;padding-bottom:0px;padding-left:0px;margin-top:0px;margin-right:0px;margin-bottom:20px;margin-left:0px;}#kt-info-box_e5a6de-d7 .kt-blocks-info-box-text{color:#000066;}<\/style>\n<div id=\"kt-info-box_e5a6de-d7\" class=\"wp-block-kadence-infobox\"><a class=\"kt-blocks-info-box-link-wrap info-box-link kt-blocks-info-box-media-align-top kt-info-halign-left\"><div class=\"kt-infobox-textcontent\"><p class=\"kt-blocks-info-box-text\"><strong>Enkelt och bekymmersfritt<\/strong><br\/><br\/>Best\u00e4ll provlyftningstj\u00e4nster hos oss, vi sk\u00f6ter uthyrning av vikter, frakt och f\u00f6rflyttning av vikter hos kunden, enkelt och smidigt f\u00f6r dig!<\/p><\/div><\/a><\/div>\n<\/div><\/div>\n<\/div><\/div><\/div>\n\n\n<style id=\"kb-rowlayout_b0c16c-db\">#kt-layout-id_b0c16c-db .kt-row-layout-bottom-sep{height:120px;}#kt-layout-id_b0c16c-db .kt-row-layout-bottom-sep svg{fill:var(--global-palette9, #ffffff)!important;}#kt-layout-id_b0c16c-db .kt-row-layout-top-sep{height:120px;}#kt-layout-id_b0c16c-db .kt-row-layout-top-sep svg{width:100%;}#kt-layout-id_b0c16c-db .kt-row-layout-top-sep svg{fill:var(--global-palette9, #ffffff)!important;}#kt-layout-id_b0c16c-db > .kt-row-column-wrap{padding-top:152px;padding-bottom:84px;padding-left:220px;padding-right:220px;}@media all and (max-width: 767px){#kt-layout-id_b0c16c-db > .kt-row-column-wrap{padding-bottom:30px;padding-left:20px;padding-right:20px;}}<\/style>\n<div class=\"wp-block-kadence-rowlayout alignnone test\"><div id=\"kt-layout-id_b0c16c-db\" class=\"kt-row-layout-inner kt-row-has-bg kt-layout-id_b0c16c-db has-theme-palette-1-background-color\"><div class=\"kt-row-layout-top-sep kt-row-sep-type-mtns\"><svg style=\"fill:var(--global-palette9)\" viewBox=\"0 0 1000 100\" preserveAspectRatio=\"none\"><path d=\"M1000,50l-182.69,-45.286l-292.031,61.197l-190.875,-41.075l-143.748,28.794l-190.656,-23.63l0,70l1000,0l0,-50Z\" style=\"opacity:0.4\"><\/path><path d=\"M1000,57l-152.781,-22.589l-214.383,19.81l-159.318,-21.471l-177.44,25.875l-192.722,5.627l-103.356,-27.275l0,63.023l1000,0l0,-43Z\"><\/path><\/svg><\/div><div class=\"kt-row-column-wrap kt-has-1-columns kt-gutter-default kt-v-gutter-default kt-row-valign-top kt-row-layout-equal kt-tab-layout-inherit kt-m-colapse-left-to-right kt-mobile-layout-row\">\n<div class=\"wp-block-kadence-column inner-column-1 kadence-column_60efc0-a9\"><div class=\"kt-inside-inner-col\"><style id=\"kt-blocks_596066-3a\">.kt-blocks-testimonials-wrap_596066-3a .kt-testimonial-item-wrap .kt-testimonial-title{color:var(--global-palette9, #ffffff);font-size:28px;margin-top:0px;margin-right:0px;margin-bottom:15px;margin-left:0px;padding-top:0px;padding-right:0px;padding-bottom:0px;padding-left:0px;}@media all and (max-width: 767px){.kt-blocks-testimonials-wrap_596066-3a .kt-testimonial-item-wrap .kt-testimonial-title{font-size:22px;line-height:30px;}}.kt-blocks-testimonials-wrap_596066-3a .kt-testimonial-name{color:var(--global-palette9, #ffffff);font-size:28px;line-height:40px;}<\/style>\n<div class=\"wp-block-kadence-testimonials kt-testimonial-halign-center kt-testimonial-style-basic kt-testimonials-media-off kt-testimonials-icon-off kt-testimonial-columns-1 kt-t-xxl-col-1 kt-t-xl-col-1 kt-t-lg-col-1 kt-t-md-col-1 kt-t-sm-col-1 kt-t-xs-col-1 kt-blocks-testimonials-wrap_596066-3a tns-carousel-wrap\"><div class=\"kt-blocks-carousel kt-carousel-container-dotstyle-light kt-carousel-container-arrowstyle-none\"><div class=\"kt-blocks-carousel-init kt-carousel-arrowstyle-none kt-carousel-dotstyle-light\" data-columns-xxl=\"1\" data-columns-xl=\"1\" data-columns-md=\"1\" data-columns-sm=\"1\" data-columns-xs=\"1\" data-columns-ss=\"1\" data-slider-anim-speed=\"400\" data-slider-scroll=\"1\" data-slider-arrows=\"false\" data-slider-dots=\"true\" data-slider-hover-pause=\"false\" data-slider-auto=\"true\" data-slider-speed=\"5000\"><div class=\"kt-blocks-testimonial-carousel-item kb-slide-item\"><div class=\"kt-testimonial-item-wrap kt-testimonial-item-0\" style=\"border-color:#eeeeee;padding-top:20px;padding-right:20px;padding-bottom:20px;padding-left:20px;max-width:2000px\"><div class=\"kt-testimonial-text-wrap\"><div class=\"kt-testimonial-title-wrap\"><h3 class=\"kt-testimonial-title\">&#8221;Lagstadgad besiktning, reparationer och underh\u00e5ll av lyftredskap och personlift.&#8221;<\/h3><\/div><\/div><\/div><\/div><div class=\"kt-blocks-testimonial-carousel-item kb-slide-item\"><div class=\"kt-testimonial-item-wrap kt-testimonial-item-1\" style=\"border-color:#eeeeee;padding-top:20px;padding-right:20px;padding-bottom:20px;padding-left:20px;max-width:2000px\"><div class=\"kt-testimonial-text-wrap\"><div class=\"kt-testimonial-title-wrap\"><h3 class=\"kt-testimonial-title\">\u201cKonsulttj\u00e4nster f\u00f6r verksamhetsmodell och utvecklingsplaner f\u00f6r produktivt underh\u00e5ll\u201d<\/h3><\/div><\/div><\/div><\/div><\/div><\/div><\/div>\n<\/div><\/div>\n<\/div><\/div><\/div>\n","protected":false},"excerpt":{"rendered":"<p>Provlyftning Provlyftningstj\u00e4nster enkelt och smidigt fr\u00e5n oss Provlyftning Kranen uts\u00e4tts alltid f\u00f6r en provlyftning vid ibruktagning med den provlast som anges i best\u00e4mmelsen och med den f\u00f6reskrivna lasten vart fj\u00e4rde \u00e5r.<\/p>\n","protected":false},"author":1,"featured_media":0,"parent":0,"menu_order":0,"comment_status":"closed","ping_status":"closed","template":"","meta":{"_kad_blocks_custom_css":"","_kad_blocks_head_custom_js":"","_kad_blocks_body_custom_js":"","_kad_blocks_footer_custom_js":"","_kad_post_transparent":"","_kad_post_title":"hide","_kad_post_layout":"","_kad_post_sidebar_id":"","_kad_post_content_style":"","_kad_post_vertical_padding":"","_kad_post_feature":"","_kad_post_feature_position":"","_kad_post_header":false,"_kad_post_footer":false},"yoast_head":"<!-- This site is optimized with the Yoast SEO plugin v20.5 - https:\/\/yoast.com\/wordpress\/plugins\/seo\/ -->\n<title>Provlyftning - Bothnia Service<\/title>\n<meta name=\"robots\" content=\"index, follow, max-snippet:-1, max-image-preview:large, max-video-preview:-1\" \/>\n<link rel=\"canonical\" href=\"https:\/\/bothniaservice.com\/sv\/provlyftning\/\" \/>\n<meta property=\"og:locale\" content=\"sv_SE\" \/>\n<meta property=\"og:type\" content=\"article\" \/>\n<meta property=\"og:title\" content=\"Provlyftning - Bothnia Service\" \/>\n<meta property=\"og:description\" content=\"Provlyftning Provlyftningstj\u00e4nster enkelt och smidigt fr\u00e5n oss Provlyftning Kranen uts\u00e4tts alltid f\u00f6r en provlyftning vid ibruktagning med den provlast som anges i best\u00e4mmelsen och med den f\u00f6reskrivna lasten vart fj\u00e4rde \u00e5r.\" \/>\n<meta property=\"og:url\" content=\"https:\/\/bothniaservice.com\/sv\/provlyftning\/\" \/>\n<meta property=\"og:site_name\" content=\"Bothnia Service\" \/>\n<meta property=\"article:modified_time\" content=\"2023-02-17T12:00:09+00:00\" \/>\n<meta property=\"og:image\" content=\"https:\/\/bservice.multi.fi\/wp-content\/uploads\/2023\/02\/DSC_4914-1024x682.jpg\" \/>\n<meta name=\"twitter:card\" content=\"summary_large_image\" \/>\n<meta name=\"twitter:label1\" content=\"Ber\u00e4knad l\u00e4stid\" \/>\n\t<meta name=\"twitter:data1\" content=\"1 minut\" \/>\n<script type=\"application\/ld+json\" class=\"yoast-schema-graph\">{\"@context\":\"https:\/\/schema.org\",\"@graph\":[{\"@type\":\"WebPage\",\"@id\":\"https:\/\/bothniaservice.com\/sv\/provlyftning\/\",\"url\":\"https:\/\/bothniaservice.com\/sv\/provlyftning\/\",\"name\":\"Provlyftning - Bothnia Service\",\"isPartOf\":{\"@id\":\"https:\/\/bothniaservice.com\/sv\/#website\"},\"datePublished\":\"2023-02-02T09:59:49+00:00\",\"dateModified\":\"2023-02-17T12:00:09+00:00\",\"breadcrumb\":{\"@id\":\"https:\/\/bothniaservice.com\/sv\/provlyftning\/#breadcrumb\"},\"inLanguage\":\"sv-SE\",\"potentialAction\":[{\"@type\":\"ReadAction\",\"target\":[\"https:\/\/bothniaservice.com\/sv\/provlyftning\/\"]}]},{\"@type\":\"BreadcrumbList\",\"@id\":\"https:\/\/bothniaservice.com\/sv\/provlyftning\/#breadcrumb\",\"itemListElement\":[{\"@type\":\"ListItem\",\"position\":1,\"name\":\"Etusivu\",\"item\":\"https:\/\/bothniaservice.com\/sv\/\"},{\"@type\":\"ListItem\",\"position\":2,\"name\":\"Provlyftning\"}]},{\"@type\":\"WebSite\",\"@id\":\"https:\/\/bothniaservice.com\/sv\/#website\",\"url\":\"https:\/\/bothniaservice.com\/sv\/\",\"name\":\"Bothnia Service\",\"description\":\"Bothnia Service\",\"publisher\":{\"@id\":\"https:\/\/bothniaservice.com\/sv\/#organization\"},\"potentialAction\":[{\"@type\":\"SearchAction\",\"target\":{\"@type\":\"EntryPoint\",\"urlTemplate\":\"https:\/\/bothniaservice.com\/sv\/?s={search_term_string}\"},\"query-input\":\"required name=search_term_string\"}],\"inLanguage\":\"sv-SE\"},{\"@type\":\"Organization\",\"@id\":\"https:\/\/bothniaservice.com\/sv\/#organization\",\"name\":\"Bothnia Service\",\"url\":\"https:\/\/bothniaservice.com\/sv\/\",\"logo\":{\"@type\":\"ImageObject\",\"inLanguage\":\"sv-SE\",\"@id\":\"https:\/\/bothniaservice.com\/sv\/#\/schema\/logo\/image\/\",\"url\":\"https:\/\/bothniaservice.com\/wp-content\/uploads\/2023\/02\/Logo@2x.png\",\"contentUrl\":\"https:\/\/bothniaservice.com\/wp-content\/uploads\/2023\/02\/Logo@2x.png\",\"width\":684,\"height\":264,\"caption\":\"Bothnia Service\"},\"image\":{\"@id\":\"https:\/\/bothniaservice.com\/sv\/#\/schema\/logo\/image\/\"}}]}<\/script>\n<!-- \/ Yoast SEO plugin. -->","yoast_head_json":{"title":"Provlyftning - Bothnia Service","robots":{"index":"index","follow":"follow","max-snippet":"max-snippet:-1","max-image-preview":"max-image-preview:large","max-video-preview":"max-video-preview:-1"},"canonical":"https:\/\/bothniaservice.com\/sv\/provlyftning\/","og_locale":"sv_SE","og_type":"article","og_title":"Provlyftning - Bothnia Service","og_description":"Provlyftning Provlyftningstj\u00e4nster enkelt och smidigt fr\u00e5n oss Provlyftning Kranen uts\u00e4tts alltid f\u00f6r en provlyftning vid ibruktagning med den provlast som anges i best\u00e4mmelsen och med den f\u00f6reskrivna lasten vart fj\u00e4rde \u00e5r.","og_url":"https:\/\/bothniaservice.com\/sv\/provlyftning\/","og_site_name":"Bothnia Service","article_modified_time":"2023-02-17T12:00:09+00:00","og_image":[{"url":"https:\/\/bservice.multi.fi\/wp-content\/uploads\/2023\/02\/DSC_4914-1024x682.jpg"}],"twitter_card":"summary_large_image","twitter_misc":{"Ber\u00e4knad l\u00e4stid":"1 minut"},"schema":{"@context":"https:\/\/schema.org","@graph":[{"@type":"WebPage","@id":"https:\/\/bothniaservice.com\/sv\/provlyftning\/","url":"https:\/\/bothniaservice.com\/sv\/provlyftning\/","name":"Provlyftning - Bothnia Service","isPartOf":{"@id":"https:\/\/bothniaservice.com\/sv\/#website"},"datePublished":"2023-02-02T09:59:49+00:00","dateModified":"2023-02-17T12:00:09+00:00","breadcrumb":{"@id":"https:\/\/bothniaservice.com\/sv\/provlyftning\/#breadcrumb"},"inLanguage":"sv-SE","potentialAction":[{"@type":"ReadAction","target":["https:\/\/bothniaservice.com\/sv\/provlyftning\/"]}]},{"@type":"BreadcrumbList","@id":"https:\/\/bothniaservice.com\/sv\/provlyftning\/#breadcrumb","itemListElement":[{"@type":"ListItem","position":1,"name":"Etusivu","item":"https:\/\/bothniaservice.com\/sv\/"},{"@type":"ListItem","position":2,"name":"Provlyftning"}]},{"@type":"WebSite","@id":"https:\/\/bothniaservice.com\/sv\/#website","url":"https:\/\/bothniaservice.com\/sv\/","name":"Bothnia Service","description":"Bothnia Service","publisher":{"@id":"https:\/\/bothniaservice.com\/sv\/#organization"},"potentialAction":[{"@type":"SearchAction","target":{"@type":"EntryPoint","urlTemplate":"https:\/\/bothniaservice.com\/sv\/?s={search_term_string}"},"query-input":"required name=search_term_string"}],"inLanguage":"sv-SE"},{"@type":"Organization","@id":"https:\/\/bothniaservice.com\/sv\/#organization","name":"Bothnia Service","url":"https:\/\/bothniaservice.com\/sv\/","logo":{"@type":"ImageObject","inLanguage":"sv-SE","@id":"https:\/\/bothniaservice.com\/sv\/#\/schema\/logo\/image\/","url":"https:\/\/bothniaservice.com\/wp-content\/uploads\/2023\/02\/Logo@2x.png","contentUrl":"https:\/\/bothniaservice.com\/wp-content\/uploads\/2023\/02\/Logo@2x.png","width":684,"height":264,"caption":"Bothnia Service"},"image":{"@id":"https:\/\/bothniaservice.com\/sv\/#\/schema\/logo\/image\/"}}]}},"featured_image_src_large":false,"author_info":{"display_name":"admin","author_link":"https:\/\/bothniaservice.com\/sv\/author\/admin\/"},"comment_info":0,"taxonomy_info":[],"_links":{"self":[{"href":"https:\/\/bothniaservice.com\/sv\/wp-json\/wp\/v2\/pages\/1320"}],"collection":[{"href":"https:\/\/bothniaservice.com\/sv\/wp-json\/wp\/v2\/pages"}],"about":[{"href":"https:\/\/bothniaservice.com\/sv\/wp-json\/wp\/v2\/types\/page"}],"author":[{"embeddable":true,"href":"https:\/\/bothniaservice.com\/sv\/wp-json\/wp\/v2\/users\/1"}],"replies":[{"embeddable":true,"href":"https:\/\/bothniaservice.com\/sv\/wp-json\/wp\/v2\/comments?post=1320"}],"version-history":[{"count":3,"href":"https:\/\/bothniaservice.com\/sv\/wp-json\/wp\/v2\/pages\/1320\/revisions"}],"predecessor-version":[{"id":1324,"href":"https:\/\/bothniaservice.com\/sv\/wp-json\/wp\/v2\/pages\/1320\/revisions\/1324"}],"wp:attachment":[{"href":"https:\/\/bothniaservice.com\/sv\/wp-json\/wp\/v2\/media?parent=1320"}],"curies":[{"name":"wp","href":"https:\/\/api.w.org\/{rel}","templated":true}]}}