{"id":1315,"date":"2023-02-02T10:11:53","date_gmt":"2023-02-02T10:11:53","guid":{"rendered":"https:\/\/bservice.multi.fi\/lyftredskap\/"},"modified":"2023-02-17T13:20:01","modified_gmt":"2023-02-17T13:20:01","slug":"granskning-av-lyftredskap","status":"publish","type":"page","link":"https:\/\/bothniaservice.com\/sv\/granskning-av-lyftredskap\/","title":{"rendered":"Granskning av lyftredskap"},"content":{"rendered":"<style id=\"kb-rowlayout_d2ae47-43\">#kt-layout-id_d2ae47-43{background-image:url('https:\/\/bservice.multi.fi\/wp-content\/uploads\/2023\/02\/DSC_4729.jpg');background-size:cover;background-position:50% 33%;background-attachment:scroll;background-repeat:no-repeat;}#kt-layout-id_d2ae47-43 .kt-row-layout-bottom-sep svg{fill:var(--global-palette9, #ffffff)!important;}#kt-layout-id_d2ae47-43 > .kt-row-column-wrap{padding-top:170px;padding-bottom:170px;padding-left:25px;padding-right:25px;min-height:420px;}#kt-layout-id_d2ae47-43 > .kt-row-layout-overlay{opacity:0.40;background-image:linear-gradient(90deg, #030d77 100%, rgba(0, 181, 226, 0) 100%);}<\/style>\n<div class=\"wp-block-kadence-rowlayout alignnone\"><div id=\"kt-layout-id_d2ae47-43\" class=\"kt-row-layout-inner kt-row-has-bg kt-layout-id_d2ae47-43 has-theme-palette-1-background-color\"><div class=\"kt-row-layout-overlay kt-row-overlay-gradient\"><\/div><div class=\"kt-row-column-wrap kt-has-1-columns kt-gutter-default kt-v-gutter-default kt-row-valign-middle kt-row-layout-equal kt-tab-layout-inherit kt-m-colapse-left-to-right kt-mobile-layout-row\">\n<div class=\"wp-block-kadence-column inner-column-1 kadence-column_f7631f-eb\"><div class=\"kt-inside-inner-col\"><style id=\"kb-advancedheading_49d4c0-61\">#kt-adv-heading_49d4c0-61, #kt-adv-heading_49d4c0-61 .wp-block-kadence-advancedheading, .wp-block-kadence-advancedheading.kt-adv-heading_49d4c0-61[data-kb-block=\"kb-adv-heading_49d4c0-61\"], .kadence-advanced-heading-wrapper .kt-adv-heading_49d4c0-61[data-kb-block=\"kb-adv-heading_49d4c0-61\"]{text-align:center;font-size:60px;font-weight:bold;color:#ffffff;text-shadow:1px 1px 1px rgba(0, 0, 0, 0.2);}#kt-adv-heading_49d4c0-61 mark, #kt-adv-heading_49d4c0-61 .wp-block-kadence-advancedheading mark, .kt-adv-heading_49d4c0-61[data-kb-block=\"kb-adv-heading_49d4c0-61\"] mark{font-weight:normal;padding:0px 0px 0px 0px;}@media all and (max-width: 1024px){#kt-adv-heading_49d4c0-61, #kt-adv-heading_49d4c0-61 .wp-block-kadence-advancedheading, .wp-block-kadence-advancedheading.kt-adv-heading_49d4c0-61[data-kb-block=\"kb-adv-heading_49d4c0-61\"], .kadence-advanced-heading-wrapper .kt-adv-heading_49d4c0-61[data-kb-block=\"kb-adv-heading_49d4c0-61\"]{font-size:50px;}}@media all and (max-width: 767px){#kt-adv-heading_49d4c0-61, #kt-adv-heading_49d4c0-61 .wp-block-kadence-advancedheading, .wp-block-kadence-advancedheading.kt-adv-heading_49d4c0-61[data-kb-block=\"kb-adv-heading_49d4c0-61\"], .kadence-advanced-heading-wrapper .kt-adv-heading_49d4c0-61[data-kb-block=\"kb-adv-heading_49d4c0-61\"]{font-size:36px;}}<\/style>\n<h1 class=\"kt-adv-heading_49d4c0-61 wp-block-kadence-advancedheading\" data-kb-block=\"kb-adv-heading_49d4c0-61\">Granskning av lyftredskap<\/h1>\n<\/div><\/div>\n<\/div><div class=\"kt-row-layout-bottom-sep kt-row-sep-type-mtns\"><svg style=\"fill:var(--global-palette9)\" viewBox=\"0 0 1000 100\" preserveAspectRatio=\"none\"><path d=\"M1000,50l-182.69,-45.286l-292.031,61.197l-190.875,-41.075l-143.748,28.794l-190.656,-23.63l0,70l1000,0l0,-50Z\" style=\"opacity:0.4\"><\/path><path d=\"M1000,57l-152.781,-22.589l-214.383,19.81l-159.318,-21.471l-177.44,25.875l-192.722,5.627l-103.356,-27.275l0,63.023l1000,0l0,-43Z\"><\/path><\/svg><\/div><\/div><\/div>\n\n\n<style id=\"kb-advancedheading_003cde-9d\">#kt-adv-heading_003cde-9d, #kt-adv-heading_003cde-9d .wp-block-kadence-advancedheading, .wp-block-kadence-advancedheading.kt-adv-heading_003cde-9d[data-kb-block=\"kb-adv-heading_003cde-9d\"], .kadence-advanced-heading-wrapper .kt-adv-heading_003cde-9d[data-kb-block=\"kb-adv-heading_003cde-9d\"]{text-align:center;font-size:36px;line-height:1.3em;font-weight:500;font-family:Rubik;color:#000066;margin-top:0px;margin-bottom:40px;padding-top:60px;padding-right:50px;padding-left:50px;}@media all and (max-width: 767px){#kt-adv-heading_003cde-9d, #kt-adv-heading_003cde-9d .wp-block-kadence-advancedheading, .wp-block-kadence-advancedheading.kt-adv-heading_003cde-9d[data-kb-block=\"kb-adv-heading_003cde-9d\"], .kadence-advanced-heading-wrapper .kt-adv-heading_003cde-9d[data-kb-block=\"kb-adv-heading_003cde-9d\"]{font-size:22px;padding-top:20px;padding-right:30px;padding-left:30px;}}<\/style>\n<h2 class=\"kt-adv-heading_003cde-9d wp-block-kadence-advancedheading\" data-kb-block=\"kb-adv-heading_003cde-9d\">Vi utf\u00f6r inspektioner av lyftredskap i samband med den regelbundna inspektionen av kranar.<\/h2>\n\n\n<style id=\"kb-rowlayout_b3b8f1-0f\">#kt-layout-id_b3b8f1-0f > .kt-row-column-wrap.kb-theme-content-width{max-width:1150px;}.kt-layout-id_b3b8f1-0f > .kb-theme-content-width{padding-left:var(--global-content-edge-padding);padding-right:var(--global-content-edge-padding);}#kt-layout-id_b3b8f1-0f{margin-top:0px;margin-bottom:30px;background-color:#ffffff;}#kt-layout-id_b3b8f1-0f > .kt-row-column-wrap{padding-top:0px;padding-bottom:0px;padding-left:0px;padding-right:0px;max-width:1140px;margin-left:auto;margin-right:auto;}@media all and (max-width: 1024px){#kt-layout-id_b3b8f1-0f > .kt-row-column-wrap{padding-top:30px;padding-right:100px;padding-bottom:30px;padding-left:100px;}}@media all and (max-width: 767px){#kt-layout-id_b3b8f1-0f{margin-top:0px;margin-bottom:0px;}#kt-layout-id_b3b8f1-0f > .kt-row-column-wrap{padding-top:0px;padding-bottom:30px;padding-left:30px;padding-right:30px;}}<\/style>\n<div class=\"wp-block-kadence-rowlayout alignnone\"><div id=\"kt-layout-id_b3b8f1-0f\" class=\"kt-row-layout-inner kt-row-has-bg kt-layout-id_b3b8f1-0f\"><div class=\"kt-row-column-wrap kt-has-2-columns kt-gutter-none kt-v-gutter-none kt-row-valign-middle kt-row-layout-equal kt-tab-layout-inherit kt-m-colapse-left-to-right kt-mobile-layout-row kb-theme-content-width\"><style id=\"kb-column_88bc85-b5\">.kadence-column_88bc85-b5 > .kt-inside-inner-col{padding-top:20px;padding-bottom:20px;padding-left:20px;padding-right:50px;}@media all and (max-width: 767px){.kadence-column_88bc85-b5 > .kt-inside-inner-col{padding-top:0px;padding-bottom:0px;padding-left:0px;padding-right:0px;}}<\/style>\n<div class=\"wp-block-kadence-column inner-column-1 kadence-column_88bc85-b5\"><div class=\"kt-inside-inner-col\">\n<figure class=\"wp-block-kadence-image kb-image_c3add9-29 size-large\"><img decoding=\"async\" loading=\"lazy\" width=\"1024\" height=\"682\" src=\"https:\/\/bservice.multi.fi\/wp-content\/uploads\/2023\/02\/DSC_4727-1024x682.jpg\" alt=\"\" class=\"kb-img wp-image-985\" srcset=\"https:\/\/bothniaservice.com\/wp-content\/uploads\/2023\/02\/DSC_4727-1024x682.jpg 1024w, https:\/\/bothniaservice.com\/wp-content\/uploads\/2023\/02\/DSC_4727-300x200.jpg 300w, https:\/\/bothniaservice.com\/wp-content\/uploads\/2023\/02\/DSC_4727-768x511.jpg 768w, https:\/\/bothniaservice.com\/wp-content\/uploads\/2023\/02\/DSC_4727-1536x1022.jpg 1536w, https:\/\/bothniaservice.com\/wp-content\/uploads\/2023\/02\/DSC_4727.jpg 2048w\" sizes=\"(max-width: 1024px) 100vw, 1024px\" \/><\/figure>\n\n\n\n<p><strong>H\u00f6gkvalitativ service fr\u00e5n granskning till rapporter<\/strong><\/p>\n\n\n\n<p>Visste du att man ocks\u00e5 skall granska lyftredskap \u00e5rligen? Genom att boka en lyftredskapsgranskning i samband med kranens periodiska besiktning f\u00e5r du en klar kostnadsf\u00f6rdel. Du beh\u00f6ver bara ringa till ett st\u00e4lle n\u00e4r granskningstiden \u00e4r aktuell, vi servar alltid v\u00e5ra kunder med h\u00f6g kvalitet, fr\u00e5n granskningen till rapporterna.<\/p>\n<\/div><\/div>\n\n\n<style id=\"kb-column_b487be-41\">.kadence-column_b487be-41 > .kt-inside-inner-col{padding-top:20px;padding-bottom:20px;padding-left:50px;padding-right:20px;}@media all and (max-width: 767px){.kadence-column_b487be-41 > .kt-inside-inner-col{padding-left:0px;padding-right:0px;}}<\/style>\n<div class=\"wp-block-kadence-column inner-column-2 kadence-column_b487be-41\"><div class=\"kt-inside-inner-col\"><style id=\"kb-infobox_4269b6-63\">#kt-info-box_4269b6-63 .kt-blocks-info-box-link-wrap{border-color:var(--global-palette7, #EDF2F7);background:var(--global-palette9, #ffffff);padding-top:0px;padding-right:0px;padding-bottom:30px;padding-left:0px;margin-bottom:20px;border-top-width:0px;border-right-width:0px;border-bottom-width:1px;border-left-width:0px;}#kt-info-box_4269b6-63 .kt-blocks-info-box-link-wrap:hover{border-color:var(--global-palette7, #EDF2F7);background:var(--global-palette9, #ffffff);}#kt-info-box_4269b6-63 .kt-info-svg-icon, #kt-info-box_4269b6-63 .kt-info-svg-icon-flip, #kt-info-box_4269b6-63 .kt-blocks-info-box-number{font-size:50px;}#kt-info-box_4269b6-63 .kt-blocks-info-box-media{color:#444444;}#kt-info-box_4269b6-63 .kt-blocks-info-box-link-wrap:hover .kt-blocks-info-box-media{color:#444444;}#kt-info-box_4269b6-63 .kt-blocks-info-box-title{padding-top:0px;padding-right:0px;padding-bottom:0px;padding-left:0px;margin-top:0px;margin-right:0px;margin-bottom:20px;margin-left:0px;}#kt-info-box_4269b6-63 .kt-blocks-info-box-text{color:#000066;}<\/style>\n<div id=\"kt-info-box_4269b6-63\" class=\"wp-block-kadence-infobox\"><a class=\"kt-blocks-info-box-link-wrap info-box-link kt-blocks-info-box-media-align-top kt-info-halign-left\"><div class=\"kt-infobox-textcontent\"><p class=\"kt-blocks-info-box-text\">Granskningen utf\u00f6rs alltid av en kvalificerad servicetekniker som s\u00e4kerst\u00e4ller att lyftredskapen uppfyller de lagstadgade kraven och inte p\u00e5 n\u00e5got s\u00e4tt \u00e4ventyrar arbetss\u00e4kerheten.<\/p><\/div><\/a><\/div>\n\n\n<style id=\"kb-infobox_c94786-b4\">#kt-info-box_c94786-b4 .kt-blocks-info-box-link-wrap{border-color:var(--global-palette7, #EDF2F7);background:var(--global-palette9, #ffffff);padding-top:0px;padding-right:0px;padding-bottom:30px;padding-left:0px;margin-bottom:20px;border-top-width:0px;border-right-width:0px;border-bottom-width:1px;border-left-width:0px;}#kt-info-box_c94786-b4 .kt-blocks-info-box-link-wrap:hover{border-color:var(--global-palette7, #EDF2F7);background:var(--global-palette9, #ffffff);}#kt-info-box_c94786-b4 .kt-info-svg-icon, #kt-info-box_c94786-b4 .kt-info-svg-icon-flip, #kt-info-box_c94786-b4 .kt-blocks-info-box-number{font-size:50px;}#kt-info-box_c94786-b4 .kt-blocks-info-box-media{color:#444444;}#kt-info-box_c94786-b4 .kt-blocks-info-box-link-wrap:hover .kt-blocks-info-box-media{color:#444444;}#kt-info-box_c94786-b4 .kt-blocks-info-box-title{padding-top:0px;padding-right:0px;padding-bottom:0px;padding-left:0px;margin-top:0px;margin-right:0px;margin-bottom:20px;margin-left:0px;}#kt-info-box_c94786-b4 .kt-blocks-info-box-text{color:#000066;}<\/style>\n<div id=\"kt-info-box_c94786-b4\" class=\"wp-block-kadence-infobox\"><a class=\"kt-blocks-info-box-link-wrap info-box-link kt-blocks-info-box-media-align-top kt-info-halign-left\"><div class=\"kt-infobox-textcontent\"><p class=\"kt-blocks-info-box-text\"><strong>Trygghet med regelbunden inspektion<\/strong><br\/><br\/>Lyftredskap omfattar alla kranslingor, lyftremmar, lyftkranar, kedjeslingor, vajerslingor och alla balkar mellan kranen och lasten. M\u00e5nga av dessa olika lyftredskap anv\u00e4nds dagligen och f\u00f6r att de ska fungera s\u00e4kert kr\u00e4vs regelbunden granskning av utrustningen f\u00f6r att se till att de fungerar som de ska. <\/p><\/div><\/a><\/div>\n\n\n<style id=\"kb-infobox_98af94-45\">#kt-info-box_98af94-45 .kt-blocks-info-box-link-wrap{border-color:var(--global-palette7, #EDF2F7);background:var(--global-palette9, #ffffff);padding-top:0px;padding-right:0px;padding-bottom:30px;padding-left:0px;margin-bottom:20px;border-top-width:0px;border-right-width:0px;border-bottom-width:0px;border-left-width:0px;}#kt-info-box_98af94-45 .kt-blocks-info-box-link-wrap:hover{border-color:var(--global-palette7, #EDF2F7);background:var(--global-palette9, #ffffff);}#kt-info-box_98af94-45 .kt-info-svg-icon, #kt-info-box_98af94-45 .kt-info-svg-icon-flip, #kt-info-box_98af94-45 .kt-blocks-info-box-number{font-size:50px;}#kt-info-box_98af94-45 .kt-blocks-info-box-media{color:#444444;}#kt-info-box_98af94-45 .kt-blocks-info-box-link-wrap:hover .kt-blocks-info-box-media{color:#444444;}#kt-info-box_98af94-45 .kt-blocks-info-box-title{padding-top:0px;padding-right:0px;padding-bottom:0px;padding-left:0px;margin-top:0px;margin-right:0px;margin-bottom:20px;margin-left:0px;}#kt-info-box_98af94-45 .kt-blocks-info-box-text{color:#000066;}<\/style>\n<div id=\"kt-info-box_98af94-45\" class=\"wp-block-kadence-infobox\"><a class=\"kt-blocks-info-box-link-wrap info-box-link kt-blocks-info-box-media-align-top kt-info-halign-left\"><div class=\"kt-infobox-textcontent\"><p class=\"kt-blocks-info-box-text\"><strong>Lagen f\u00f6rpliktar<\/strong><br\/><br\/>Lagen kr\u00e4ver att inspektion av lyftredskap ska utf\u00f6ras regelbundet varje \u00e5r i enlighet med VNa 403\/2008 \u00a7 24.<\/p><\/div><\/a><\/div>\n<\/div><\/div>\n<\/div><\/div><\/div>\n\n\n<style id=\"kb-rowlayout_b0c16c-db\">#kt-layout-id_b0c16c-db .kt-row-layout-bottom-sep{height:120px;}#kt-layout-id_b0c16c-db .kt-row-layout-bottom-sep svg{fill:var(--global-palette9, #ffffff)!important;}#kt-layout-id_b0c16c-db .kt-row-layout-top-sep{height:120px;}#kt-layout-id_b0c16c-db .kt-row-layout-top-sep svg{width:100%;}#kt-layout-id_b0c16c-db .kt-row-layout-top-sep svg{fill:var(--global-palette9, #ffffff)!important;}#kt-layout-id_b0c16c-db > .kt-row-column-wrap{padding-top:152px;padding-bottom:84px;padding-left:220px;padding-right:220px;}@media all and (max-width: 767px){#kt-layout-id_b0c16c-db > .kt-row-column-wrap{padding-bottom:30px;padding-left:20px;padding-right:20px;}}<\/style>\n<div class=\"wp-block-kadence-rowlayout alignnone test\"><div id=\"kt-layout-id_b0c16c-db\" class=\"kt-row-layout-inner kt-row-has-bg kt-layout-id_b0c16c-db has-theme-palette-1-background-color\"><div class=\"kt-row-layout-top-sep kt-row-sep-type-mtns\"><svg style=\"fill:var(--global-palette9)\" viewBox=\"0 0 1000 100\" preserveAspectRatio=\"none\"><path d=\"M1000,50l-182.69,-45.286l-292.031,61.197l-190.875,-41.075l-143.748,28.794l-190.656,-23.63l0,70l1000,0l0,-50Z\" style=\"opacity:0.4\"><\/path><path d=\"M1000,57l-152.781,-22.589l-214.383,19.81l-159.318,-21.471l-177.44,25.875l-192.722,5.627l-103.356,-27.275l0,63.023l1000,0l0,-43Z\"><\/path><\/svg><\/div><div class=\"kt-row-column-wrap kt-has-1-columns kt-gutter-default kt-v-gutter-default kt-row-valign-top kt-row-layout-equal kt-tab-layout-inherit kt-m-colapse-left-to-right kt-mobile-layout-row\">\n<div class=\"wp-block-kadence-column inner-column-1 kadence-column_60efc0-a9\"><div class=\"kt-inside-inner-col\"><style id=\"kt-blocks_596066-3a\">.kt-blocks-testimonials-wrap_596066-3a .kt-testimonial-item-wrap .kt-testimonial-title{color:var(--global-palette9, #ffffff);font-size:28px;margin-top:0px;margin-right:0px;margin-bottom:15px;margin-left:0px;padding-top:0px;padding-right:0px;padding-bottom:0px;padding-left:0px;}@media all and (max-width: 767px){.kt-blocks-testimonials-wrap_596066-3a .kt-testimonial-item-wrap .kt-testimonial-title{font-size:22px;line-height:30px;}}.kt-blocks-testimonials-wrap_596066-3a .kt-testimonial-name{color:var(--global-palette9, #ffffff);font-size:28px;line-height:40px;}<\/style>\n<div class=\"wp-block-kadence-testimonials kt-testimonial-halign-center kt-testimonial-style-basic kt-testimonials-media-off kt-testimonials-icon-off kt-testimonial-columns-1 kt-t-xxl-col-1 kt-t-xl-col-1 kt-t-lg-col-1 kt-t-md-col-1 kt-t-sm-col-1 kt-t-xs-col-1 kt-blocks-testimonials-wrap_596066-3a tns-carousel-wrap\"><div class=\"kt-blocks-carousel kt-carousel-container-dotstyle-light kt-carousel-container-arrowstyle-none\"><div class=\"kt-blocks-carousel-init kt-carousel-arrowstyle-none kt-carousel-dotstyle-light\" data-columns-xxl=\"1\" data-columns-xl=\"1\" data-columns-md=\"1\" data-columns-sm=\"1\" data-columns-xs=\"1\" data-columns-ss=\"1\" data-slider-anim-speed=\"400\" data-slider-scroll=\"1\" data-slider-arrows=\"false\" data-slider-dots=\"true\" data-slider-hover-pause=\"false\" data-slider-auto=\"true\" data-slider-speed=\"5000\"><div class=\"kt-blocks-testimonial-carousel-item kb-slide-item\"><div class=\"kt-testimonial-item-wrap kt-testimonial-item-0\" style=\"border-color:#eeeeee;padding-top:20px;padding-right:20px;padding-bottom:20px;padding-left:20px;max-width:2000px\"><div class=\"kt-testimonial-text-wrap\"><div class=\"kt-testimonial-title-wrap\"><h3 class=\"kt-testimonial-title\">&#8221;Lagstadgad besiktning, reparationer och underh\u00e5ll av lyftredskap och personlift.&#8221;<\/h3><\/div><\/div><\/div><\/div><div class=\"kt-blocks-testimonial-carousel-item kb-slide-item\"><div class=\"kt-testimonial-item-wrap kt-testimonial-item-1\" style=\"border-color:#eeeeee;padding-top:20px;padding-right:20px;padding-bottom:20px;padding-left:20px;max-width:2000px\"><div class=\"kt-testimonial-text-wrap\"><div class=\"kt-testimonial-title-wrap\"><h3 class=\"kt-testimonial-title\">\u201cKonsulttj\u00e4nster f\u00f6r verksamhetsmodell och utvecklingsplaner f\u00f6r produktivt underh\u00e5ll\u201d<\/h3><\/div><\/div><\/div><\/div><\/div><\/div><\/div>\n<\/div><\/div>\n<\/div><\/div><\/div>\n","protected":false},"excerpt":{"rendered":"<p>Granskning av lyftredskap Vi utf\u00f6r inspektioner av lyftredskap i samband med den regelbundna inspektionen av kranar. H\u00f6gkvalitativ service fr\u00e5n granskning till rapporter Visste du att man ocks\u00e5 skall granska lyftredskap \u00e5rligen? Genom att boka en lyftredskapsgranskning i samband med kranens periodiska besiktning f\u00e5r du en klar kostnadsf\u00f6rdel. Du beh\u00f6ver bara ringa till ett st\u00e4lle n\u00e4r&#8230;<\/p>\n","protected":false},"author":1,"featured_media":0,"parent":0,"menu_order":0,"comment_status":"closed","ping_status":"closed","template":"","meta":{"_kad_blocks_custom_css":"","_kad_blocks_head_custom_js":"","_kad_blocks_body_custom_js":"","_kad_blocks_footer_custom_js":"","_kad_post_transparent":"","_kad_post_title":"hide","_kad_post_layout":"","_kad_post_sidebar_id":"","_kad_post_content_style":"","_kad_post_vertical_padding":"","_kad_post_feature":"","_kad_post_feature_position":"","_kad_post_header":false,"_kad_post_footer":false},"yoast_head":"<!-- This site is optimized with the Yoast SEO plugin v20.5 - https:\/\/yoast.com\/wordpress\/plugins\/seo\/ -->\n<title>Granskning av lyftredskap - Bothnia Service<\/title>\n<meta name=\"robots\" content=\"index, follow, max-snippet:-1, max-image-preview:large, max-video-preview:-1\" \/>\n<link rel=\"canonical\" href=\"https:\/\/bothniaservice.com\/sv\/granskning-av-lyftredskap\/\" \/>\n<meta property=\"og:locale\" content=\"sv_SE\" \/>\n<meta property=\"og:type\" content=\"article\" \/>\n<meta property=\"og:title\" content=\"Granskning av lyftredskap - Bothnia Service\" \/>\n<meta property=\"og:description\" content=\"Granskning av lyftredskap Vi utf\u00f6r inspektioner av lyftredskap i samband med den regelbundna inspektionen av kranar. H\u00f6gkvalitativ service fr\u00e5n granskning till rapporter Visste du att man ocks\u00e5 skall granska lyftredskap \u00e5rligen? Genom att boka en lyftredskapsgranskning i samband med kranens periodiska besiktning f\u00e5r du en klar kostnadsf\u00f6rdel. Du beh\u00f6ver bara ringa till ett st\u00e4lle n\u00e4r...\" \/>\n<meta property=\"og:url\" content=\"https:\/\/bothniaservice.com\/sv\/granskning-av-lyftredskap\/\" \/>\n<meta property=\"og:site_name\" content=\"Bothnia Service\" \/>\n<meta property=\"article:modified_time\" content=\"2023-02-17T13:20:01+00:00\" \/>\n<meta property=\"og:image\" content=\"https:\/\/bservice.multi.fi\/wp-content\/uploads\/2023\/02\/DSC_4727-1024x682.jpg\" \/>\n<meta name=\"twitter:card\" content=\"summary_large_image\" \/>\n<meta name=\"twitter:label1\" content=\"Ber\u00e4knad l\u00e4stid\" \/>\n\t<meta name=\"twitter:data1\" content=\"1 minut\" \/>\n<script type=\"application\/ld+json\" class=\"yoast-schema-graph\">{\"@context\":\"https:\/\/schema.org\",\"@graph\":[{\"@type\":\"WebPage\",\"@id\":\"https:\/\/bothniaservice.com\/sv\/granskning-av-lyftredskap\/\",\"url\":\"https:\/\/bothniaservice.com\/sv\/granskning-av-lyftredskap\/\",\"name\":\"Granskning av lyftredskap - Bothnia Service\",\"isPartOf\":{\"@id\":\"https:\/\/bothniaservice.com\/sv\/#website\"},\"datePublished\":\"2023-02-02T10:11:53+00:00\",\"dateModified\":\"2023-02-17T13:20:01+00:00\",\"breadcrumb\":{\"@id\":\"https:\/\/bothniaservice.com\/sv\/granskning-av-lyftredskap\/#breadcrumb\"},\"inLanguage\":\"sv-SE\",\"potentialAction\":[{\"@type\":\"ReadAction\",\"target\":[\"https:\/\/bothniaservice.com\/sv\/granskning-av-lyftredskap\/\"]}]},{\"@type\":\"BreadcrumbList\",\"@id\":\"https:\/\/bothniaservice.com\/sv\/granskning-av-lyftredskap\/#breadcrumb\",\"itemListElement\":[{\"@type\":\"ListItem\",\"position\":1,\"name\":\"Etusivu\",\"item\":\"https:\/\/bothniaservice.com\/sv\/\"},{\"@type\":\"ListItem\",\"position\":2,\"name\":\"Granskning av lyftredskap\"}]},{\"@type\":\"WebSite\",\"@id\":\"https:\/\/bothniaservice.com\/sv\/#website\",\"url\":\"https:\/\/bothniaservice.com\/sv\/\",\"name\":\"Bothnia Service\",\"description\":\"Bothnia Service\",\"publisher\":{\"@id\":\"https:\/\/bothniaservice.com\/sv\/#organization\"},\"potentialAction\":[{\"@type\":\"SearchAction\",\"target\":{\"@type\":\"EntryPoint\",\"urlTemplate\":\"https:\/\/bothniaservice.com\/sv\/?s={search_term_string}\"},\"query-input\":\"required name=search_term_string\"}],\"inLanguage\":\"sv-SE\"},{\"@type\":\"Organization\",\"@id\":\"https:\/\/bothniaservice.com\/sv\/#organization\",\"name\":\"Bothnia Service\",\"url\":\"https:\/\/bothniaservice.com\/sv\/\",\"logo\":{\"@type\":\"ImageObject\",\"inLanguage\":\"sv-SE\",\"@id\":\"https:\/\/bothniaservice.com\/sv\/#\/schema\/logo\/image\/\",\"url\":\"https:\/\/bothniaservice.com\/wp-content\/uploads\/2023\/02\/Logo@2x.png\",\"contentUrl\":\"https:\/\/bothniaservice.com\/wp-content\/uploads\/2023\/02\/Logo@2x.png\",\"width\":684,\"height\":264,\"caption\":\"Bothnia Service\"},\"image\":{\"@id\":\"https:\/\/bothniaservice.com\/sv\/#\/schema\/logo\/image\/\"}}]}<\/script>\n<!-- \/ Yoast SEO plugin. -->","yoast_head_json":{"title":"Granskning av lyftredskap - Bothnia Service","robots":{"index":"index","follow":"follow","max-snippet":"max-snippet:-1","max-image-preview":"max-image-preview:large","max-video-preview":"max-video-preview:-1"},"canonical":"https:\/\/bothniaservice.com\/sv\/granskning-av-lyftredskap\/","og_locale":"sv_SE","og_type":"article","og_title":"Granskning av lyftredskap - Bothnia Service","og_description":"Granskning av lyftredskap Vi utf\u00f6r inspektioner av lyftredskap i samband med den regelbundna inspektionen av kranar. H\u00f6gkvalitativ service fr\u00e5n granskning till rapporter Visste du att man ocks\u00e5 skall granska lyftredskap \u00e5rligen? Genom att boka en lyftredskapsgranskning i samband med kranens periodiska besiktning f\u00e5r du en klar kostnadsf\u00f6rdel. Du beh\u00f6ver bara ringa till ett st\u00e4lle n\u00e4r...","og_url":"https:\/\/bothniaservice.com\/sv\/granskning-av-lyftredskap\/","og_site_name":"Bothnia Service","article_modified_time":"2023-02-17T13:20:01+00:00","og_image":[{"url":"https:\/\/bservice.multi.fi\/wp-content\/uploads\/2023\/02\/DSC_4727-1024x682.jpg"}],"twitter_card":"summary_large_image","twitter_misc":{"Ber\u00e4knad l\u00e4stid":"1 minut"},"schema":{"@context":"https:\/\/schema.org","@graph":[{"@type":"WebPage","@id":"https:\/\/bothniaservice.com\/sv\/granskning-av-lyftredskap\/","url":"https:\/\/bothniaservice.com\/sv\/granskning-av-lyftredskap\/","name":"Granskning av lyftredskap - Bothnia Service","isPartOf":{"@id":"https:\/\/bothniaservice.com\/sv\/#website"},"datePublished":"2023-02-02T10:11:53+00:00","dateModified":"2023-02-17T13:20:01+00:00","breadcrumb":{"@id":"https:\/\/bothniaservice.com\/sv\/granskning-av-lyftredskap\/#breadcrumb"},"inLanguage":"sv-SE","potentialAction":[{"@type":"ReadAction","target":["https:\/\/bothniaservice.com\/sv\/granskning-av-lyftredskap\/"]}]},{"@type":"BreadcrumbList","@id":"https:\/\/bothniaservice.com\/sv\/granskning-av-lyftredskap\/#breadcrumb","itemListElement":[{"@type":"ListItem","position":1,"name":"Etusivu","item":"https:\/\/bothniaservice.com\/sv\/"},{"@type":"ListItem","position":2,"name":"Granskning av lyftredskap"}]},{"@type":"WebSite","@id":"https:\/\/bothniaservice.com\/sv\/#website","url":"https:\/\/bothniaservice.com\/sv\/","name":"Bothnia Service","description":"Bothnia Service","publisher":{"@id":"https:\/\/bothniaservice.com\/sv\/#organization"},"potentialAction":[{"@type":"SearchAction","target":{"@type":"EntryPoint","urlTemplate":"https:\/\/bothniaservice.com\/sv\/?s={search_term_string}"},"query-input":"required name=search_term_string"}],"inLanguage":"sv-SE"},{"@type":"Organization","@id":"https:\/\/bothniaservice.com\/sv\/#organization","name":"Bothnia Service","url":"https:\/\/bothniaservice.com\/sv\/","logo":{"@type":"ImageObject","inLanguage":"sv-SE","@id":"https:\/\/bothniaservice.com\/sv\/#\/schema\/logo\/image\/","url":"https:\/\/bothniaservice.com\/wp-content\/uploads\/2023\/02\/Logo@2x.png","contentUrl":"https:\/\/bothniaservice.com\/wp-content\/uploads\/2023\/02\/Logo@2x.png","width":684,"height":264,"caption":"Bothnia Service"},"image":{"@id":"https:\/\/bothniaservice.com\/sv\/#\/schema\/logo\/image\/"}}]}},"featured_image_src_large":false,"author_info":{"display_name":"admin","author_link":"https:\/\/bothniaservice.com\/sv\/author\/admin\/"},"comment_info":0,"taxonomy_info":[],"_links":{"self":[{"href":"https:\/\/bothniaservice.com\/sv\/wp-json\/wp\/v2\/pages\/1315"}],"collection":[{"href":"https:\/\/bothniaservice.com\/sv\/wp-json\/wp\/v2\/pages"}],"about":[{"href":"https:\/\/bothniaservice.com\/sv\/wp-json\/wp\/v2\/types\/page"}],"author":[{"embeddable":true,"href":"https:\/\/bothniaservice.com\/sv\/wp-json\/wp\/v2\/users\/1"}],"replies":[{"embeddable":true,"href":"https:\/\/bothniaservice.com\/sv\/wp-json\/wp\/v2\/comments?post=1315"}],"version-history":[{"count":4,"href":"https:\/\/bothniaservice.com\/sv\/wp-json\/wp\/v2\/pages\/1315\/revisions"}],"predecessor-version":[{"id":1393,"href":"https:\/\/bothniaservice.com\/sv\/wp-json\/wp\/v2\/pages\/1315\/revisions\/1393"}],"wp:attachment":[{"href":"https:\/\/bothniaservice.com\/sv\/wp-json\/wp\/v2\/media?parent=1315"}],"curies":[{"name":"wp","href":"https:\/\/api.w.org\/{rel}","templated":true}]}}