{"id":1309,"date":"2023-02-02T10:16:46","date_gmt":"2023-02-02T10:16:46","guid":{"rendered":"https:\/\/bservice.multi.fi\/10-arsgranskning\/"},"modified":"2023-02-17T11:43:43","modified_gmt":"2023-02-17T11:43:43","slug":"10-arsgranskning","status":"publish","type":"page","link":"https:\/\/bothniaservice.com\/sv\/10-arsgranskning\/","title":{"rendered":"10-\u00e5rsgranskning"},"content":{"rendered":"<style id=\"kb-rowlayout_ef9c3a-a2\">#kt-layout-id_ef9c3a-a2{background-image:url('https:\/\/bservice.multi.fi\/wp-content\/uploads\/2023\/02\/DSC_4774.jpg');background-size:cover;background-position:39% 67%;background-attachment:scroll;background-repeat:no-repeat;}#kt-layout-id_ef9c3a-a2 .kt-row-layout-bottom-sep svg{fill:var(--global-palette9, #ffffff)!important;}#kt-layout-id_ef9c3a-a2 > .kt-row-column-wrap{padding-top:170px;padding-bottom:170px;padding-left:25px;padding-right:25px;}#kt-layout-id_ef9c3a-a2 > .kt-row-layout-overlay{opacity:0.40;background-image:linear-gradient(90deg, #030d77 100%, rgba(0, 181, 226, 0) 100%);}@media all and (max-width: 767px){#kt-layout-id_ef9c3a-a2 > .kt-row-column-wrap{min-height:420px;}}<\/style>\n<div class=\"wp-block-kadence-rowlayout alignnone\"><div id=\"kt-layout-id_ef9c3a-a2\" class=\"kt-row-layout-inner kt-row-has-bg kt-layout-id_ef9c3a-a2 has-theme-palette-1-background-color\"><div class=\"kt-row-layout-overlay kt-row-overlay-gradient\"><\/div><div class=\"kt-row-column-wrap kt-has-1-columns kt-gutter-default kt-v-gutter-default kt-row-valign-middle kt-row-layout-equal kt-tab-layout-inherit kt-m-colapse-left-to-right kt-mobile-layout-row\">\n<div class=\"wp-block-kadence-column inner-column-1 kadence-column_f7631f-eb\"><div class=\"kt-inside-inner-col\"><style id=\"kb-advancedheading_1bb3c8-76\">#kt-adv-heading_1bb3c8-76, #kt-adv-heading_1bb3c8-76 .wp-block-kadence-advancedheading, .wp-block-kadence-advancedheading.kt-adv-heading_1bb3c8-76[data-kb-block=\"kb-adv-heading_1bb3c8-76\"], .kadence-advanced-heading-wrapper .kt-adv-heading_1bb3c8-76[data-kb-block=\"kb-adv-heading_1bb3c8-76\"]{text-align:center;font-size:60px;font-weight:bold;color:#ffffff;text-shadow:1px 1px 1px rgba(0, 0, 0, 0.2);}#kt-adv-heading_1bb3c8-76 mark, #kt-adv-heading_1bb3c8-76 .wp-block-kadence-advancedheading mark, .kt-adv-heading_1bb3c8-76[data-kb-block=\"kb-adv-heading_1bb3c8-76\"] mark{font-weight:normal;padding:0px 0px 0px 0px;}@media all and (max-width: 1024px){#kt-adv-heading_1bb3c8-76, #kt-adv-heading_1bb3c8-76 .wp-block-kadence-advancedheading, .wp-block-kadence-advancedheading.kt-adv-heading_1bb3c8-76[data-kb-block=\"kb-adv-heading_1bb3c8-76\"], .kadence-advanced-heading-wrapper .kt-adv-heading_1bb3c8-76[data-kb-block=\"kb-adv-heading_1bb3c8-76\"]{font-size:50px;}}@media all and (max-width: 767px){#kt-adv-heading_1bb3c8-76, #kt-adv-heading_1bb3c8-76 .wp-block-kadence-advancedheading, .wp-block-kadence-advancedheading.kt-adv-heading_1bb3c8-76[data-kb-block=\"kb-adv-heading_1bb3c8-76\"], .kadence-advanced-heading-wrapper .kt-adv-heading_1bb3c8-76[data-kb-block=\"kb-adv-heading_1bb3c8-76\"]{font-size:36px;}}<\/style>\n<h1 class=\"kt-adv-heading_1bb3c8-76 wp-block-kadence-advancedheading\" data-kb-block=\"kb-adv-heading_1bb3c8-76\">10-\u00e5rsgranskning<\/h1>\n<\/div><\/div>\n<\/div><div class=\"kt-row-layout-bottom-sep kt-row-sep-type-mtns\"><svg style=\"fill:var(--global-palette9)\" viewBox=\"0 0 1000 100\" preserveAspectRatio=\"none\"><path d=\"M1000,50l-182.69,-45.286l-292.031,61.197l-190.875,-41.075l-143.748,28.794l-190.656,-23.63l0,70l1000,0l0,-50Z\" style=\"opacity:0.4\"><\/path><path d=\"M1000,57l-152.781,-22.589l-214.383,19.81l-159.318,-21.471l-177.44,25.875l-192.722,5.627l-103.356,-27.275l0,63.023l1000,0l0,-43Z\"><\/path><\/svg><\/div><\/div><\/div>\n\n\n<style id=\"kb-advancedheading_d22521-48\">#kt-adv-heading_d22521-48, #kt-adv-heading_d22521-48 .wp-block-kadence-advancedheading, .wp-block-kadence-advancedheading.kt-adv-heading_d22521-48[data-kb-block=\"kb-adv-heading_d22521-48\"], .kadence-advanced-heading-wrapper .kt-adv-heading_d22521-48[data-kb-block=\"kb-adv-heading_d22521-48\"]{text-align:center;font-size:36px;line-height:1.3em;font-weight:500;font-family:Rubik;color:#000066;margin-top:0px;margin-bottom:40px;padding-top:60px;padding-right:50px;padding-left:50px;}@media all and (max-width: 767px){#kt-adv-heading_d22521-48, #kt-adv-heading_d22521-48 .wp-block-kadence-advancedheading, .wp-block-kadence-advancedheading.kt-adv-heading_d22521-48[data-kb-block=\"kb-adv-heading_d22521-48\"], .kadence-advanced-heading-wrapper .kt-adv-heading_d22521-48[data-kb-block=\"kb-adv-heading_d22521-48\"]{font-size:22px;padding-top:20px;padding-right:30px;padding-left:30px;}}<\/style>\n<h2 class=\"kt-adv-heading_d22521-48 wp-block-kadence-advancedheading\" data-kb-block=\"kb-adv-heading_d22521-48\">Lagstadgad 10-\u00e5rs besiktning fr\u00e5n oss &#8211; billigt och p\u00e5litligt<\/h2>\n\n\n<style id=\"kb-rowlayout_10d676-b0\">#kt-layout-id_10d676-b0 > .kt-row-column-wrap.kb-theme-content-width{max-width:1150px;}.kt-layout-id_10d676-b0 > .kb-theme-content-width{padding-left:var(--global-content-edge-padding);padding-right:var(--global-content-edge-padding);}#kt-layout-id_10d676-b0{margin-top:0px;margin-bottom:30px;background-color:#ffffff;}#kt-layout-id_10d676-b0 > .kt-row-column-wrap{padding-top:0px;padding-bottom:0px;padding-left:0px;padding-right:0px;max-width:1140px;margin-left:auto;margin-right:auto;}@media all and (max-width: 1024px){#kt-layout-id_10d676-b0 > .kt-row-column-wrap{padding-top:30px;padding-right:100px;padding-bottom:30px;padding-left:100px;}}@media all and (max-width: 767px){#kt-layout-id_10d676-b0{margin-top:0px;margin-bottom:0px;}#kt-layout-id_10d676-b0 > .kt-row-column-wrap{padding-top:0px;padding-bottom:30px;padding-left:30px;padding-right:30px;}}<\/style>\n<div class=\"wp-block-kadence-rowlayout alignnone\"><div id=\"kt-layout-id_10d676-b0\" class=\"kt-row-layout-inner kt-row-has-bg kt-layout-id_10d676-b0\"><div class=\"kt-row-column-wrap kt-has-2-columns kt-gutter-none kt-v-gutter-none kt-row-valign-middle kt-row-layout-equal kt-tab-layout-inherit kt-m-colapse-left-to-right kt-mobile-layout-row kb-theme-content-width\"><style id=\"kb-column_88bc85-b5\">.kadence-column_88bc85-b5 > .kt-inside-inner-col{padding-top:20px;padding-bottom:20px;padding-left:20px;padding-right:50px;}@media all and (max-width: 767px){.kadence-column_88bc85-b5 > .kt-inside-inner-col{padding-top:0px;padding-bottom:0px;padding-left:0px;padding-right:0px;}}<\/style>\n<div class=\"wp-block-kadence-column inner-column-1 kadence-column_88bc85-b5\"><div class=\"kt-inside-inner-col\">\n<figure class=\"wp-block-kadence-image kb-image_c3add9-29 size-large\"><img decoding=\"async\" loading=\"lazy\" width=\"1024\" height=\"682\" src=\"https:\/\/bservice.multi.fi\/wp-content\/uploads\/2023\/02\/DSC_4754-1024x682.jpg\" alt=\"\" class=\"kb-img wp-image-983\" srcset=\"https:\/\/bothniaservice.com\/wp-content\/uploads\/2023\/02\/DSC_4754-1024x682.jpg 1024w, https:\/\/bothniaservice.com\/wp-content\/uploads\/2023\/02\/DSC_4754-300x200.jpg 300w, https:\/\/bothniaservice.com\/wp-content\/uploads\/2023\/02\/DSC_4754-768x511.jpg 768w, https:\/\/bothniaservice.com\/wp-content\/uploads\/2023\/02\/DSC_4754-1536x1022.jpg 1536w, https:\/\/bothniaservice.com\/wp-content\/uploads\/2023\/02\/DSC_4754.jpg 2048w\" sizes=\"(max-width: 1024px) 100vw, 1024px\" \/><\/figure>\n\n\n\n<p>Vi utf\u00f6r lagstadgade 10-\u00e5rsgranskningar av kranar enligt regeringens beslut (Vna 403\/2008 35\u00a7), oberoende av utrustningstillverkare.<\/p>\n\n\n\n<p><strong><strong>Fastst\u00e4llande av livsl\u00e4ngd vid provning<\/strong><\/strong><\/p>\n\n\n\n<p>De standarder som anv\u00e4nds av utrustningstillverkaren och motsvarande driftsklassificeringar anv\u00e4nds f\u00f6r att fastst\u00e4lla livsl\u00e4ngden. Dessa v\u00e4rden j\u00e4mf\u00f6rs med faktiska drifttimmar och belastningsspektra.<\/p>\n<\/div><\/div>\n\n\n<style id=\"kb-column_b487be-41\">.kadence-column_b487be-41 > .kt-inside-inner-col{padding-top:20px;padding-bottom:20px;padding-left:50px;padding-right:20px;}@media all and (max-width: 767px){.kadence-column_b487be-41 > .kt-inside-inner-col{padding-left:0px;padding-right:0px;}}<\/style>\n<div class=\"wp-block-kadence-column inner-column-2 kadence-column_b487be-41\"><div class=\"kt-inside-inner-col\"><style id=\"kb-infobox_1e5b58-22\">#kt-info-box_1e5b58-22 .kt-blocks-info-box-link-wrap{border-color:var(--global-palette7, #EDF2F7);background:var(--global-palette9, #ffffff);padding-top:0px;padding-right:0px;padding-bottom:30px;padding-left:0px;margin-bottom:20px;border-top-width:0px;border-right-width:0px;border-bottom-width:1px;border-left-width:0px;}#kt-info-box_1e5b58-22 .kt-blocks-info-box-link-wrap:hover{border-color:var(--global-palette7, #EDF2F7);background:var(--global-palette9, #ffffff);}#kt-info-box_1e5b58-22 .kt-info-svg-icon, #kt-info-box_1e5b58-22 .kt-info-svg-icon-flip, #kt-info-box_1e5b58-22 .kt-blocks-info-box-number{font-size:50px;}#kt-info-box_1e5b58-22 .kt-blocks-info-box-media{color:#444444;}#kt-info-box_1e5b58-22 .kt-blocks-info-box-link-wrap:hover .kt-blocks-info-box-media{color:#444444;}#kt-info-box_1e5b58-22 .kt-blocks-info-box-title{padding-top:0px;padding-right:0px;padding-bottom:0px;padding-left:0px;margin-top:0px;margin-right:0px;margin-bottom:20px;margin-left:0px;}#kt-info-box_1e5b58-22 .kt-blocks-info-box-text{color:#000066;}<\/style>\n<div id=\"kt-info-box_1e5b58-22\" class=\"wp-block-kadence-infobox\"><a class=\"kt-blocks-info-box-link-wrap info-box-link kt-blocks-info-box-media-align-top kt-info-halign-left\"><div class=\"kt-infobox-textcontent\"><p class=\"kt-blocks-info-box-text\"><strong>Grundlig periodisk inspektion<\/strong><br\/><br\/>Lyftanordningen m\u00e5ste genomg\u00e5 en grundlig periodisk inspektion, dvs. en 10-\u00e5rskontroll, n\u00e4r de konstruktionsgr\u00e4nser som h\u00e4nf\u00f6r sig till lyftanordningens livsl\u00e4ngd som anges av tillverkaren n\u00e4rmar sig, eller senast inom 10 \u00e5r efter den f\u00f6rsta ibruktagning, om dessa ovann\u00e4mnts konstruktionsgr\u00e4nser f\u00f6r livsl\u00e4ngden \u00e4r inte k\u00e4nda.<\/p><\/div><\/a><\/div>\n\n\n<style id=\"kb-infobox_bc1739-89\">#kt-info-box_bc1739-89 .kt-blocks-info-box-link-wrap{border-color:var(--global-palette7, #EDF2F7);background:var(--global-palette9, #ffffff);padding-top:0px;padding-right:0px;padding-bottom:30px;padding-left:0px;margin-bottom:20px;border-top-width:0px;border-right-width:0px;border-bottom-width:1px;border-left-width:0px;}#kt-info-box_bc1739-89 .kt-blocks-info-box-link-wrap:hover{border-color:var(--global-palette7, #EDF2F7);background:var(--global-palette9, #ffffff);}#kt-info-box_bc1739-89 .kt-info-svg-icon, #kt-info-box_bc1739-89 .kt-info-svg-icon-flip, #kt-info-box_bc1739-89 .kt-blocks-info-box-number{font-size:50px;}#kt-info-box_bc1739-89 .kt-blocks-info-box-media{color:#444444;}#kt-info-box_bc1739-89 .kt-blocks-info-box-link-wrap:hover .kt-blocks-info-box-media{color:#444444;}#kt-info-box_bc1739-89 .kt-blocks-info-box-title{padding-top:0px;padding-right:0px;padding-bottom:0px;padding-left:0px;margin-top:0px;margin-right:0px;margin-bottom:20px;margin-left:0px;}#kt-info-box_bc1739-89 .kt-blocks-info-box-text{color:#000066;}<\/style>\n<div id=\"kt-info-box_bc1739-89\" class=\"wp-block-kadence-infobox\"><a class=\"kt-blocks-info-box-link-wrap info-box-link kt-blocks-info-box-media-align-top kt-info-halign-left\"><div class=\"kt-infobox-textcontent\"><p class=\"kt-blocks-info-box-text\"><strong>Vad ska man ta h\u00e4nsyn till?<\/strong><br\/><br\/>Tidpunkten f\u00f6r den tio\u00e5riga inspektionen av kranen m\u00e5ste ta h\u00e4nsyn till den p\u00e5frestande anv\u00e4ndningen av utrustningen, eventuella skador och reparationer som konstaterats under de periodiska\/\u00e5rliga inspektionerna och eventuella typfel i kranen.<\/p><\/div><\/a><\/div>\n\n\n<style id=\"kb-infobox_4d3589-e5\">#kt-info-box_4d3589-e5 .kt-blocks-info-box-link-wrap{border-color:var(--global-palette7, #EDF2F7);background:var(--global-palette9, #ffffff);padding-top:0px;padding-right:0px;padding-bottom:30px;padding-left:0px;margin-bottom:20px;border-top-width:0px;border-right-width:0px;border-bottom-width:0px;border-left-width:0px;}#kt-info-box_4d3589-e5 .kt-blocks-info-box-link-wrap:hover{border-color:var(--global-palette7, #EDF2F7);background:var(--global-palette9, #ffffff);}#kt-info-box_4d3589-e5 .kt-info-svg-icon, #kt-info-box_4d3589-e5 .kt-info-svg-icon-flip, #kt-info-box_4d3589-e5 .kt-blocks-info-box-number{font-size:50px;}#kt-info-box_4d3589-e5 .kt-blocks-info-box-media{color:#444444;}#kt-info-box_4d3589-e5 .kt-blocks-info-box-link-wrap:hover .kt-blocks-info-box-media{color:#444444;}#kt-info-box_4d3589-e5 .kt-blocks-info-box-title{padding-top:0px;padding-right:0px;padding-bottom:0px;padding-left:0px;margin-top:0px;margin-right:0px;margin-bottom:20px;margin-left:0px;}#kt-info-box_4d3589-e5 .kt-blocks-info-box-text{color:#000066;}<\/style>\n<div id=\"kt-info-box_4d3589-e5\" class=\"wp-block-kadence-infobox\"><a class=\"kt-blocks-info-box-link-wrap info-box-link kt-blocks-info-box-media-align-top kt-info-halign-left\"><div class=\"kt-infobox-textcontent\"><p class=\"kt-blocks-info-box-text\">Om du \u00e4r intresserad av priset f\u00f6r en 10-\u00e5rsinspektion av din lyftkran eller om du har andra fr\u00e5gor om en grundlig regelbunden inspektion, v\u00e4nligen kontakta oss p\u00e5 Bothnia Service. Vi hj\u00e4lper dig med tillf\u00f6rlitlig professionalism!<\/p><\/div><\/a><\/div>\n<\/div><\/div>\n<\/div><\/div><\/div>\n\n\n<style id=\"kb-rowlayout_b0c16c-db\">#kt-layout-id_b0c16c-db .kt-row-layout-bottom-sep{height:120px;}#kt-layout-id_b0c16c-db .kt-row-layout-bottom-sep svg{fill:var(--global-palette9, #ffffff)!important;}#kt-layout-id_b0c16c-db .kt-row-layout-top-sep{height:120px;}#kt-layout-id_b0c16c-db .kt-row-layout-top-sep svg{width:100%;}#kt-layout-id_b0c16c-db .kt-row-layout-top-sep svg{fill:var(--global-palette9, #ffffff)!important;}#kt-layout-id_b0c16c-db > .kt-row-column-wrap{padding-top:152px;padding-bottom:84px;padding-left:220px;padding-right:220px;}@media all and (max-width: 767px){#kt-layout-id_b0c16c-db > .kt-row-column-wrap{padding-bottom:30px;padding-left:20px;padding-right:20px;}}<\/style>\n<div class=\"wp-block-kadence-rowlayout alignnone test\"><div id=\"kt-layout-id_b0c16c-db\" class=\"kt-row-layout-inner kt-row-has-bg kt-layout-id_b0c16c-db has-theme-palette-1-background-color\"><div class=\"kt-row-layout-top-sep kt-row-sep-type-mtns\"><svg style=\"fill:var(--global-palette9)\" viewBox=\"0 0 1000 100\" preserveAspectRatio=\"none\"><path d=\"M1000,50l-182.69,-45.286l-292.031,61.197l-190.875,-41.075l-143.748,28.794l-190.656,-23.63l0,70l1000,0l0,-50Z\" style=\"opacity:0.4\"><\/path><path d=\"M1000,57l-152.781,-22.589l-214.383,19.81l-159.318,-21.471l-177.44,25.875l-192.722,5.627l-103.356,-27.275l0,63.023l1000,0l0,-43Z\"><\/path><\/svg><\/div><div class=\"kt-row-column-wrap kt-has-1-columns kt-gutter-default kt-v-gutter-default kt-row-valign-top kt-row-layout-equal kt-tab-layout-inherit kt-m-colapse-left-to-right kt-mobile-layout-row\">\n<div class=\"wp-block-kadence-column inner-column-1 kadence-column_60efc0-a9\"><div class=\"kt-inside-inner-col\"><style id=\"kt-blocks_596066-3a\">.kt-blocks-testimonials-wrap_596066-3a .kt-testimonial-item-wrap .kt-testimonial-title{color:var(--global-palette9, #ffffff);font-size:28px;margin-top:0px;margin-right:0px;margin-bottom:15px;margin-left:0px;padding-top:0px;padding-right:0px;padding-bottom:0px;padding-left:0px;}@media all and (max-width: 767px){.kt-blocks-testimonials-wrap_596066-3a .kt-testimonial-item-wrap .kt-testimonial-title{font-size:22px;line-height:30px;}}.kt-blocks-testimonials-wrap_596066-3a .kt-testimonial-name{color:var(--global-palette9, #ffffff);font-size:28px;line-height:40px;}<\/style>\n<div class=\"wp-block-kadence-testimonials kt-testimonial-halign-center kt-testimonial-style-basic kt-testimonials-media-off kt-testimonials-icon-off kt-testimonial-columns-1 kt-t-xxl-col-1 kt-t-xl-col-1 kt-t-lg-col-1 kt-t-md-col-1 kt-t-sm-col-1 kt-t-xs-col-1 kt-blocks-testimonials-wrap_596066-3a tns-carousel-wrap\"><div class=\"kt-blocks-carousel kt-carousel-container-dotstyle-light kt-carousel-container-arrowstyle-none\"><div class=\"kt-blocks-carousel-init kt-carousel-arrowstyle-none kt-carousel-dotstyle-light\" data-columns-xxl=\"1\" data-columns-xl=\"1\" data-columns-md=\"1\" data-columns-sm=\"1\" data-columns-xs=\"1\" data-columns-ss=\"1\" data-slider-anim-speed=\"400\" data-slider-scroll=\"1\" data-slider-arrows=\"false\" data-slider-dots=\"true\" data-slider-hover-pause=\"false\" data-slider-auto=\"true\" data-slider-speed=\"5000\"><div class=\"kt-blocks-testimonial-carousel-item kb-slide-item\"><div class=\"kt-testimonial-item-wrap kt-testimonial-item-0\" style=\"border-color:#eeeeee;padding-top:20px;padding-right:20px;padding-bottom:20px;padding-left:20px;max-width:2000px\"><div class=\"kt-testimonial-text-wrap\"><div class=\"kt-testimonial-title-wrap\"><h3 class=\"kt-testimonial-title\">&#8221;Lagstadgad besiktning, reparationer och underh\u00e5ll av lyftredskap och personlift.&#8221;<\/h3><\/div><\/div><\/div><\/div><div class=\"kt-blocks-testimonial-carousel-item kb-slide-item\"><div class=\"kt-testimonial-item-wrap kt-testimonial-item-1\" style=\"border-color:#eeeeee;padding-top:20px;padding-right:20px;padding-bottom:20px;padding-left:20px;max-width:2000px\"><div class=\"kt-testimonial-text-wrap\"><div class=\"kt-testimonial-title-wrap\"><h3 class=\"kt-testimonial-title\">\u201cKonsulttj\u00e4nster f\u00f6r verksamhetsmodell och utvecklingsplaner f\u00f6r produktivt underh\u00e5ll\u201d<\/h3><\/div><\/div><\/div><\/div><\/div><\/div><\/div>\n<\/div><\/div>\n<\/div><\/div><\/div>\n","protected":false},"excerpt":{"rendered":"<p>10-\u00e5rsgranskning Lagstadgad 10-\u00e5rs besiktning fr\u00e5n oss &#8211; billigt och p\u00e5litligt Vi utf\u00f6r lagstadgade 10-\u00e5rsgranskningar av kranar enligt regeringens beslut (Vna 403\/2008 35\u00a7), oberoende av utrustningstillverkare. Fastst\u00e4llande av livsl\u00e4ngd vid provning De standarder som anv\u00e4nds av utrustningstillverkaren och motsvarande driftsklassificeringar anv\u00e4nds f\u00f6r att fastst\u00e4lla livsl\u00e4ngden. Dessa v\u00e4rden j\u00e4mf\u00f6rs med faktiska drifttimmar och belastningsspektra.<\/p>\n","protected":false},"author":1,"featured_media":0,"parent":0,"menu_order":0,"comment_status":"closed","ping_status":"closed","template":"","meta":{"_kad_blocks_custom_css":"","_kad_blocks_head_custom_js":"","_kad_blocks_body_custom_js":"","_kad_blocks_footer_custom_js":"","_kad_post_transparent":"","_kad_post_title":"hide","_kad_post_layout":"","_kad_post_sidebar_id":"","_kad_post_content_style":"","_kad_post_vertical_padding":"","_kad_post_feature":"","_kad_post_feature_position":"","_kad_post_header":false,"_kad_post_footer":false},"yoast_head":"<!-- This site is optimized with the Yoast SEO plugin v20.5 - https:\/\/yoast.com\/wordpress\/plugins\/seo\/ -->\n<title>10-\u00e5rsgranskning - Bothnia Service<\/title>\n<meta name=\"robots\" content=\"index, follow, max-snippet:-1, max-image-preview:large, max-video-preview:-1\" \/>\n<link rel=\"canonical\" href=\"https:\/\/bothniaservice.com\/sv\/10-arsgranskning\/\" \/>\n<meta property=\"og:locale\" content=\"sv_SE\" \/>\n<meta property=\"og:type\" content=\"article\" \/>\n<meta property=\"og:title\" content=\"10-\u00e5rsgranskning - Bothnia Service\" \/>\n<meta property=\"og:description\" content=\"10-\u00e5rsgranskning Lagstadgad 10-\u00e5rs besiktning fr\u00e5n oss &#8211; billigt och p\u00e5litligt Vi utf\u00f6r lagstadgade 10-\u00e5rsgranskningar av kranar enligt regeringens beslut (Vna 403\/2008 35\u00a7), oberoende av utrustningstillverkare. Fastst\u00e4llande av livsl\u00e4ngd vid provning De standarder som anv\u00e4nds av utrustningstillverkaren och motsvarande driftsklassificeringar anv\u00e4nds f\u00f6r att fastst\u00e4lla livsl\u00e4ngden. Dessa v\u00e4rden j\u00e4mf\u00f6rs med faktiska drifttimmar och belastningsspektra.\" \/>\n<meta property=\"og:url\" content=\"https:\/\/bothniaservice.com\/sv\/10-arsgranskning\/\" \/>\n<meta property=\"og:site_name\" content=\"Bothnia Service\" \/>\n<meta property=\"article:modified_time\" content=\"2023-02-17T11:43:43+00:00\" \/>\n<meta property=\"og:image\" content=\"https:\/\/bservice.multi.fi\/wp-content\/uploads\/2023\/02\/DSC_4754-1024x682.jpg\" \/>\n<meta name=\"twitter:card\" content=\"summary_large_image\" \/>\n<meta name=\"twitter:label1\" content=\"Ber\u00e4knad l\u00e4stid\" \/>\n\t<meta name=\"twitter:data1\" content=\"1 minut\" \/>\n<script type=\"application\/ld+json\" class=\"yoast-schema-graph\">{\"@context\":\"https:\/\/schema.org\",\"@graph\":[{\"@type\":\"WebPage\",\"@id\":\"https:\/\/bothniaservice.com\/sv\/10-arsgranskning\/\",\"url\":\"https:\/\/bothniaservice.com\/sv\/10-arsgranskning\/\",\"name\":\"10-\u00e5rsgranskning - Bothnia Service\",\"isPartOf\":{\"@id\":\"https:\/\/bothniaservice.com\/sv\/#website\"},\"datePublished\":\"2023-02-02T10:16:46+00:00\",\"dateModified\":\"2023-02-17T11:43:43+00:00\",\"breadcrumb\":{\"@id\":\"https:\/\/bothniaservice.com\/sv\/10-arsgranskning\/#breadcrumb\"},\"inLanguage\":\"sv-SE\",\"potentialAction\":[{\"@type\":\"ReadAction\",\"target\":[\"https:\/\/bothniaservice.com\/sv\/10-arsgranskning\/\"]}]},{\"@type\":\"BreadcrumbList\",\"@id\":\"https:\/\/bothniaservice.com\/sv\/10-arsgranskning\/#breadcrumb\",\"itemListElement\":[{\"@type\":\"ListItem\",\"position\":1,\"name\":\"Etusivu\",\"item\":\"https:\/\/bothniaservice.com\/sv\/\"},{\"@type\":\"ListItem\",\"position\":2,\"name\":\"10-\u00e5rsgranskning\"}]},{\"@type\":\"WebSite\",\"@id\":\"https:\/\/bothniaservice.com\/sv\/#website\",\"url\":\"https:\/\/bothniaservice.com\/sv\/\",\"name\":\"Bothnia Service\",\"description\":\"Bothnia Service\",\"publisher\":{\"@id\":\"https:\/\/bothniaservice.com\/sv\/#organization\"},\"potentialAction\":[{\"@type\":\"SearchAction\",\"target\":{\"@type\":\"EntryPoint\",\"urlTemplate\":\"https:\/\/bothniaservice.com\/sv\/?s={search_term_string}\"},\"query-input\":\"required name=search_term_string\"}],\"inLanguage\":\"sv-SE\"},{\"@type\":\"Organization\",\"@id\":\"https:\/\/bothniaservice.com\/sv\/#organization\",\"name\":\"Bothnia Service\",\"url\":\"https:\/\/bothniaservice.com\/sv\/\",\"logo\":{\"@type\":\"ImageObject\",\"inLanguage\":\"sv-SE\",\"@id\":\"https:\/\/bothniaservice.com\/sv\/#\/schema\/logo\/image\/\",\"url\":\"https:\/\/bothniaservice.com\/wp-content\/uploads\/2023\/02\/Logo@2x.png\",\"contentUrl\":\"https:\/\/bothniaservice.com\/wp-content\/uploads\/2023\/02\/Logo@2x.png\",\"width\":684,\"height\":264,\"caption\":\"Bothnia Service\"},\"image\":{\"@id\":\"https:\/\/bothniaservice.com\/sv\/#\/schema\/logo\/image\/\"}}]}<\/script>\n<!-- \/ Yoast SEO plugin. -->","yoast_head_json":{"title":"10-\u00e5rsgranskning - Bothnia Service","robots":{"index":"index","follow":"follow","max-snippet":"max-snippet:-1","max-image-preview":"max-image-preview:large","max-video-preview":"max-video-preview:-1"},"canonical":"https:\/\/bothniaservice.com\/sv\/10-arsgranskning\/","og_locale":"sv_SE","og_type":"article","og_title":"10-\u00e5rsgranskning - Bothnia Service","og_description":"10-\u00e5rsgranskning Lagstadgad 10-\u00e5rs besiktning fr\u00e5n oss &#8211; billigt och p\u00e5litligt Vi utf\u00f6r lagstadgade 10-\u00e5rsgranskningar av kranar enligt regeringens beslut (Vna 403\/2008 35\u00a7), oberoende av utrustningstillverkare. Fastst\u00e4llande av livsl\u00e4ngd vid provning De standarder som anv\u00e4nds av utrustningstillverkaren och motsvarande driftsklassificeringar anv\u00e4nds f\u00f6r att fastst\u00e4lla livsl\u00e4ngden. Dessa v\u00e4rden j\u00e4mf\u00f6rs med faktiska drifttimmar och belastningsspektra.","og_url":"https:\/\/bothniaservice.com\/sv\/10-arsgranskning\/","og_site_name":"Bothnia Service","article_modified_time":"2023-02-17T11:43:43+00:00","og_image":[{"url":"https:\/\/bservice.multi.fi\/wp-content\/uploads\/2023\/02\/DSC_4754-1024x682.jpg"}],"twitter_card":"summary_large_image","twitter_misc":{"Ber\u00e4knad l\u00e4stid":"1 minut"},"schema":{"@context":"https:\/\/schema.org","@graph":[{"@type":"WebPage","@id":"https:\/\/bothniaservice.com\/sv\/10-arsgranskning\/","url":"https:\/\/bothniaservice.com\/sv\/10-arsgranskning\/","name":"10-\u00e5rsgranskning - Bothnia Service","isPartOf":{"@id":"https:\/\/bothniaservice.com\/sv\/#website"},"datePublished":"2023-02-02T10:16:46+00:00","dateModified":"2023-02-17T11:43:43+00:00","breadcrumb":{"@id":"https:\/\/bothniaservice.com\/sv\/10-arsgranskning\/#breadcrumb"},"inLanguage":"sv-SE","potentialAction":[{"@type":"ReadAction","target":["https:\/\/bothniaservice.com\/sv\/10-arsgranskning\/"]}]},{"@type":"BreadcrumbList","@id":"https:\/\/bothniaservice.com\/sv\/10-arsgranskning\/#breadcrumb","itemListElement":[{"@type":"ListItem","position":1,"name":"Etusivu","item":"https:\/\/bothniaservice.com\/sv\/"},{"@type":"ListItem","position":2,"name":"10-\u00e5rsgranskning"}]},{"@type":"WebSite","@id":"https:\/\/bothniaservice.com\/sv\/#website","url":"https:\/\/bothniaservice.com\/sv\/","name":"Bothnia Service","description":"Bothnia Service","publisher":{"@id":"https:\/\/bothniaservice.com\/sv\/#organization"},"potentialAction":[{"@type":"SearchAction","target":{"@type":"EntryPoint","urlTemplate":"https:\/\/bothniaservice.com\/sv\/?s={search_term_string}"},"query-input":"required name=search_term_string"}],"inLanguage":"sv-SE"},{"@type":"Organization","@id":"https:\/\/bothniaservice.com\/sv\/#organization","name":"Bothnia Service","url":"https:\/\/bothniaservice.com\/sv\/","logo":{"@type":"ImageObject","inLanguage":"sv-SE","@id":"https:\/\/bothniaservice.com\/sv\/#\/schema\/logo\/image\/","url":"https:\/\/bothniaservice.com\/wp-content\/uploads\/2023\/02\/Logo@2x.png","contentUrl":"https:\/\/bothniaservice.com\/wp-content\/uploads\/2023\/02\/Logo@2x.png","width":684,"height":264,"caption":"Bothnia Service"},"image":{"@id":"https:\/\/bothniaservice.com\/sv\/#\/schema\/logo\/image\/"}}]}},"featured_image_src_large":false,"author_info":{"display_name":"admin","author_link":"https:\/\/bothniaservice.com\/sv\/author\/admin\/"},"comment_info":0,"taxonomy_info":[],"_links":{"self":[{"href":"https:\/\/bothniaservice.com\/sv\/wp-json\/wp\/v2\/pages\/1309"}],"collection":[{"href":"https:\/\/bothniaservice.com\/sv\/wp-json\/wp\/v2\/pages"}],"about":[{"href":"https:\/\/bothniaservice.com\/sv\/wp-json\/wp\/v2\/types\/page"}],"author":[{"embeddable":true,"href":"https:\/\/bothniaservice.com\/sv\/wp-json\/wp\/v2\/users\/1"}],"replies":[{"embeddable":true,"href":"https:\/\/bothniaservice.com\/sv\/wp-json\/wp\/v2\/comments?post=1309"}],"version-history":[{"count":3,"href":"https:\/\/bothniaservice.com\/sv\/wp-json\/wp\/v2\/pages\/1309\/revisions"}],"predecessor-version":[{"id":1314,"href":"https:\/\/bothniaservice.com\/sv\/wp-json\/wp\/v2\/pages\/1309\/revisions\/1314"}],"wp:attachment":[{"href":"https:\/\/bothniaservice.com\/sv\/wp-json\/wp\/v2\/media?parent=1309"}],"curies":[{"name":"wp","href":"https:\/\/api.w.org\/{rel}","templated":true}]}}